{"id":2084,"date":"2020-10-02T10:53:15","date_gmt":"2020-10-02T14:53:15","guid":{"rendered":"http:\/\/theme-fusion.com\/avada\/university\/?page_id=18"},"modified":"2026-04-28T11:22:44","modified_gmt":"2026-04-28T15:22:44","slug":"edito","status":"publish","type":"page","link":"https:\/\/departement-ingenieur.univ-antilles.fr\/index.php\/edito\/","title":{"rendered":"L&rsquo;\u00e9dito"},"content":{"rendered":"<p><div class=\"fusion-fullwidth fullwidth-box fusion-builder-row-1 fusion-flex-container nonhundred-percent-fullwidth non-hundred-percent-height-scrolling\" style=\"--awb-background-position:left top;--awb-border-sizes-top:0px;--awb-border-sizes-bottom:0px;--awb-border-sizes-left:0px;--awb-border-sizes-right:0px;--awb-border-radius-top-left:0px;--awb-border-radius-top-right:0px;--awb-border-radius-bottom-right:0px;--awb-border-radius-bottom-left:0px;--awb-padding-top:90px;--awb-padding-bottom:4%;--awb-padding-top-medium:40px;--awb-background-color:#faf9f8;\" ><div class=\"fusion-builder-row fusion-row fusion-flex-align-items-flex-start\" style=\"max-width:1331.2px;margin-left: calc(-4% \/ 2 );margin-right: calc(-4% \/ 2 );\"><div class=\"fusion-layout-column fusion_builder_column fusion-builder-column-0 fusion_builder_column_1_6 1_6 fusion-flex-column fusion-no-small-visibility fusion-no-medium-visibility\" style=\"--awb-bg-size:cover;--awb-width-large:16.666666666667%;--awb-margin-top-large:10px;--awb-spacing-right-large:11.52%;--awb-margin-bottom-large:10px;--awb-spacing-left-large:11.52%;--awb-width-medium:100%;--awb-order-medium:0;--awb-spacing-right-medium:1.92%;--awb-spacing-left-medium:1.92%;--awb-width-small:100%;--awb-order-small:0;--awb-spacing-right-small:1.92%;--awb-spacing-left-small:1.92%;\"><div class=\"fusion-column-wrapper fusion-flex-justify-content-flex-start fusion-content-layout-column\"><div class=\"fusion-image-element \" style=\"--awb-caption-title-font-family:var(--h2_typography-font-family);--awb-caption-title-font-weight:var(--h2_typography-font-weight);--awb-caption-title-font-style:var(--h2_typography-font-style);--awb-caption-title-size:var(--h2_typography-font-size);--awb-caption-title-transform:var(--h2_typography-text-transform);--awb-caption-title-line-height:var(--h2_typography-line-height);--awb-caption-title-letter-spacing:var(--h2_typography-letter-spacing);\"><span class=\" fusion-imageframe imageframe-none imageframe-1 hover-type-none\" class=\"image-magnify\" class=\"image-scroll\"><img decoding=\"async\" width=\"1647\" height=\"2560\" title=\"Anny FLORY\" src=\"http:\/\/departement-ingenieur.univ-antilles.fr\/wp-content\/uploads\/2026\/04\/Anny-FLORY-scaled.jpg\" alt class=\"img-responsive wp-image-2663\" srcset=\"https:\/\/departement-ingenieur.univ-antilles.fr\/wp-content\/uploads\/2026\/04\/Anny-FLORY-200x311.jpg 200w, https:\/\/departement-ingenieur.univ-antilles.fr\/wp-content\/uploads\/2026\/04\/Anny-FLORY-400x622.jpg 400w, https:\/\/departement-ingenieur.univ-antilles.fr\/wp-content\/uploads\/2026\/04\/Anny-FLORY-600x933.jpg 600w, https:\/\/departement-ingenieur.univ-antilles.fr\/wp-content\/uploads\/2026\/04\/Anny-FLORY-800x1244.jpg 800w, https:\/\/departement-ingenieur.univ-antilles.fr\/wp-content\/uploads\/2026\/04\/Anny-FLORY-1200x1866.jpg 1200w, https:\/\/departement-ingenieur.univ-antilles.fr\/wp-content\/uploads\/2026\/04\/Anny-FLORY-scaled.jpg 1647w\" sizes=\"(max-width: 1024px) 100vw, (max-width: 465px) 100vw, 200px\" \/><\/span><\/div><div class=\"fusion-title title fusion-title-1 fusion-sep-none fusion-title-text fusion-title-size-four\" style=\"--awb-text-color:#007dc1;--awb-margin-bottom:0px;\"><h4 class=\"title-heading-left fusion-responsive-typography-calculated\" style=\"margin:0;--fontSize:15;--minFontSize:15;line-height:1.67;\">Anny FLORY<\/h4><\/div><div class=\"fusion-text fusion-text-1\" style=\"--awb-font-size:12px;--awb-line-height:2;\"><p><em><strong>Directrice du d\u00e9partement ing\u00e9nierie<\/strong> &#8211; Professeur des Universit\u00e9s en Chimie<\/em><\/p>\n<\/div><\/div><\/div><div class=\"fusion-layout-column fusion_builder_column fusion-builder-column-1 fusion_builder_column_5_6 5_6 fusion-flex-column\" style=\"--awb-bg-size:cover;--awb-width-large:83.333333333333%;--awb-margin-top-large:10px;--awb-spacing-right-large:2.304%;--awb-margin-bottom-large:0px;--awb-spacing-left-large:2.304%;--awb-width-medium:100%;--awb-order-medium:1;--awb-spacing-right-medium:1.92%;--awb-spacing-left-medium:1.92%;--awb-width-small:100%;--awb-order-small:1;--awb-spacing-right-small:1.92%;--awb-spacing-left-small:1.92%;\"><div class=\"fusion-column-wrapper fusion-flex-justify-content-flex-start fusion-content-layout-column\"><i class=\"fb-icon-element-1 fb-icon-element fontawesome-icon fa-comment-dots far circle-no fusion-animated\" style=\"--awb-iconcolor:#f09a3e;--awb-iconcolor-hover:#f09a3e;--awb-font-size:90px;--awb-margin-top:0;--awb-margin-right:0;--awb-margin-bottom:0;--awb-margin-left:0;--awb-align-self:center;\" data-animationType=\"fadeInUp\" data-animationDuration=\"1\" data-animationOffset=\"top-into-view\"><\/i><div class=\"fusion-title title fusion-title-2 fusion-sep-none fusion-title-center fusion-title-text fusion-title-size-two\" style=\"--awb-margin-top:30px;\"><h2 class=\"title-heading-center fusion-responsive-typography-calculated\" style=\"margin:0;--fontSize:34;line-height:1.47;\"><strong>Le mot de la directrice <\/strong><\/h2><\/div><div class=\"fusion-separator\" style=\"align-self: center;margin-left: auto;margin-right: auto;margin-top:10px;margin-bottom:30px;width:100%;max-width:170px;\"><div class=\"fusion-separator-border sep-single sep-solid\" style=\"--awb-height:20px;--awb-amount:20px;--awb-sep-color:#cacaca;border-color:#cacaca;border-top-width:1px;\"><\/div><\/div><div class=\"fusion-text fusion-text-2\"><p>Devenir ing\u00e9nieur(e)s \u00e0 l\u2019<strong><a style=\"color: #007dc1;\" href=\"http:\/\/www.univ-ag.fr\/fr\/index.html\">Universit\u00e9 des Antilles<\/a><\/strong> c\u2019est enfin possible ! Gr\u00e2ce au soutien ind\u00e9fectible de la R\u00e9gion Guadeloupe, des industriels de la zone Antilles\/Am\u00e9rique\/Europe, de la pr\u00e9sence d\u2019une \u00e9quipe p\u00e9dagogique motiv\u00e9e et de l\u2019existence de laboratoires de recherches de renomm\u00e9e internationale, l\u2019Universit\u00e9 vous propose deux formations d\u2019ing\u00e9nieurs : <strong><a style=\"color: #007dc1;\" href=\"http:\/\/calamar.univ-ag.fr\/uag\/ingenieur\/index.php\/fr\/cursus-ge\">Environnement et Mat\u00e9riaux <\/a><\/strong> (GE, ouverte en septembre 2012) et <strong><a style=\"color: #007dc1;\" href=\"http:\/\/calamar.univ-ag.fr\/uag\/ingenieur\/index.php\/fr\/cursus-gse-2\">\u00c9nerg\u00e9tique<\/a><\/strong> (GSE, ouverte en septembre 2013). Il s\u2019agit des deux seules formations d\u2019ing\u00e9nieur de la zone Am\u00e9rique habilit\u00e9es par la Commission des Titres d\u2019Ing\u00e9nieurs (CTI), assurant ainsi un caract\u00e8re d\u2019excellence \u00e0 ces formations.<\/p>\n<p>Nos formations ing\u00e9nieurs ont pour vocation de former des ing\u00e9nieurs aptes \u00e0 affronter et \u00e0 r\u00e9soudre les grands d\u00e9fis industriels, \u00e9cologiques et \u00e9nerg\u00e9tiques impos\u00e9s par la rar\u00e9faction des ressources naturelles et les changements climatiques. Ces d\u00e9fis prennent une envergure encore plus marqu\u00e9e dans nos territoires insulaires et tropicaux o\u00f9 les ressources \u00e9nerg\u00e9tiques fossiles et mini\u00e8res font cruellement d\u00e9faut. Cependant nos territoires peuvent tirer parti de ces difficult\u00e9s notamment en cr\u00e9ant les r\u00e9seaux \u00e9lectriques de demain qui int\u00e8grent mieux les \u00e9nergies renouvelables ou en inventant des mat\u00e9riaux du futur \u00e0 partir des ressources non conventionnelles telles que celles issues de l\u2019\u00e9conomie circulaire (valorisation et recyclage des d\u00e9chets) ou de la chimie verte (\u00e9co-mat\u00e9riaux, agro-mat\u00e9riaux etc.). Ainsi, les deux sp\u00e9cialit\u00e9s, mat\u00e9riaux et syst\u00e8mes \u00e9nerg\u00e9tiques, ont pour objectif de former des ing\u00e9nieurs capables de r\u00e9pondre aux enjeux technologiques de demain tout en tenant compte des exigences li\u00e9es \u00e0 un d\u00e9veloppement durable des territoires. C\u2019est pour cette raison que les comp\u00e9tences m\u00e9tiers sont d\u00e9finies et ajust\u00e9es au sein d\u2019un conseil de perfectionnement constitu\u00e9 d\u2019enseignants chercheurs, d\u2019industriels et de repr\u00e9sentants des institutions du monde socio- \u00e9conomique. Ce conseil a pour mission de mettre en ad\u00e9quation les contenus p\u00e9dagogiques et les attentes du monde industriel afin de garantir une employabilit\u00e9 des ing\u00e9nieurs form\u00e9s. Les comp\u00e9tences m\u00e9tiers sont aussi apport\u00e9es par les industriels qui interviennent au cours de la formation (plus de 20% du volume horaire des enseignements), dans des s\u00e9minaires, ou au cours des stages en entreprises.<\/p>\n<p>Nos territoires sont au carrefour des zones Am\u00e9rique\/Cara\u00efbe\/Europe b\u00e9n\u00e9ficiant ainsi d\u2019une richesse en diversit\u00e9s culturelles, \u00e9conomique et sociale. Nos formations d\u2019ing\u00e9nieurs embrassent cette diversit\u00e9 en accueillant et en formant un public \u00e9tudiant h\u00e9t\u00e9rog\u00e8ne et en favorisant leur adaptation au monde socio-\u00e9conomique. De plus, l\u2019immersion de l\u2019\u00e9tudiant dans cette diversit\u00e9 est compl\u00e9ment\u00e9e \u00e0 travers des \u00e9changes d\u2019\u00e9tudiants et d\u2019enseignants, ainsi que par la r\u00e9alisation de stages industriels ou de semestres d\u2019\u00e9changes avec nos partenaires de la zone Cara\u00efbes\/Am\u00e9riques\/Europe.<\/p>\n<p>\u00c0 l\u2019aube de changements historiques de l\u2019\u00e9quilibre politique mondial, il appara\u00eet essentiel de former des cadres ancr\u00e9s dans leur environnement tout en restant ouverts sur l\u2019ext\u00e9rieur. La pr\u00e9sence de ces formations d\u2019ing\u00e9nieurs aux Antilles, dot\u00e9es d\u2019une dimension internationale forte (partenariats, stages \u00e0 l\u2019\u00e9tranger dans plus de 25 pays), constitue un atout majeur pour relever ces nouveaux d\u00e9fis g\u00e9opolitiques tout en \u00e9vitant le repli sur soi.<\/p>\n<p>Nos territoires ont besoin de former une jeunesse qualifi\u00e9e, ancr\u00e9e dans son environnement scientifique, g\u00e9ographique et \u00e9conomique, et capable de r\u00e9pondre aux r\u00e9volutions auxquelles notre monde est soumis. Nos deux formations d\u2019ing\u00e9nieurs sont tout \u00e0 fait adapt\u00e9es pour r\u00e9pondre \u00e0 ces besoins.<\/p>\n<\/div><\/div><\/div><div class=\"fusion-layout-column fusion_builder_column fusion-builder-column-2 fusion_builder_column_1_4 1_4 fusion-flex-column fusion-no-large-visibility\" style=\"--awb-bg-size:cover;--awb-width-large:25%;--awb-margin-top-large:10px;--awb-spacing-right-large:7.68%;--awb-margin-bottom-large:10px;--awb-spacing-left-large:7.68%;--awb-width-medium:20%;--awb-order-medium:3;--awb-spacing-right-medium:9.6%;--awb-spacing-left-medium:9.6%;--awb-width-small:25%;--awb-order-small:3;--awb-spacing-right-small:7.68%;--awb-spacing-left-small:7.68%;\"><div class=\"fusion-column-wrapper fusion-column-has-shadow fusion-flex-justify-content-flex-start fusion-content-layout-column\"><div class=\"fusion-image-element \" style=\"--awb-caption-title-font-family:var(--h2_typography-font-family);--awb-caption-title-font-weight:var(--h2_typography-font-weight);--awb-caption-title-font-style:var(--h2_typography-font-style);--awb-caption-title-size:var(--h2_typography-font-size);--awb-caption-title-transform:var(--h2_typography-text-transform);--awb-caption-title-line-height:var(--h2_typography-line-height);--awb-caption-title-letter-spacing:var(--h2_typography-letter-spacing);\"><span class=\" fusion-imageframe imageframe-none imageframe-2 hover-type-none\" class=\"image-magnify\" class=\"image-scroll\"><img decoding=\"async\" width=\"512\" height=\"768\" title=\"laurence-romana\" src=\"http:\/\/departement-ingenieur.univ-antilles.fr\/wp-content\/uploads\/2020\/10\/laurence-romana.jpeg\" alt class=\"img-responsive wp-image-2177\" srcset=\"https:\/\/departement-ingenieur.univ-antilles.fr\/wp-content\/uploads\/2020\/10\/laurence-romana-200x300.jpeg 200w, https:\/\/departement-ingenieur.univ-antilles.fr\/wp-content\/uploads\/2020\/10\/laurence-romana-400x600.jpeg 400w, https:\/\/departement-ingenieur.univ-antilles.fr\/wp-content\/uploads\/2020\/10\/laurence-romana.jpeg 512w\" sizes=\"(max-width: 1024px) 100vw, (max-width: 465px) 100vw, 400px\" \/><\/span><\/div><\/div><\/div><div class=\"fusion-layout-column fusion_builder_column fusion-builder-column-3 fusion_builder_column_3_4 3_4 fusion-flex-column fusion-no-large-visibility\" style=\"--awb-bg-size:cover;--awb-width-large:75%;--awb-margin-top-large:10px;--awb-spacing-right-large:2.56%;--awb-margin-bottom-large:10px;--awb-spacing-left-large:2.56%;--awb-width-medium:80%;--awb-order-medium:2;--awb-spacing-right-medium:2.4%;--awb-spacing-left-medium:2.4%;--awb-width-small:75%;--awb-order-small:2;--awb-spacing-right-small:2.56%;--awb-spacing-left-small:2.56%;\"><div class=\"fusion-column-wrapper fusion-column-has-shadow fusion-flex-justify-content-flex-start fusion-content-layout-column\"><div class=\"fusion-title title fusion-title-3 fusion-sep-none fusion-title-text fusion-title-size-four\" style=\"--awb-text-color:#007dc1;--awb-margin-bottom:0px;\"><h4 class=\"title-heading-left fusion-responsive-typography-calculated\" style=\"margin:0;--fontSize:15;--minFontSize:15;line-height:1.67;\">Laurence ROMANA<\/h4><\/div><div class=\"fusion-text fusion-text-3\" style=\"--awb-font-size:12px;--awb-line-height:2;\"><p><em><strong>Directrice du d\u00e9partement ing\u00e9nierie<\/strong> &#8211; Professeure des universit\u00e9s en physique<\/em><\/p>\n<\/div><\/div><\/div><div class=\"fusion-layout-column fusion_builder_column fusion-builder-column-4 fusion_builder_column_1_1 1_1 fusion-flex-column\" style=\"--awb-bg-size:cover;--awb-width-large:100%;--awb-margin-top-large:10px;--awb-spacing-right-large:1.92%;--awb-margin-bottom-large:10px;--awb-spacing-left-large:1.92%;--awb-width-medium:100%;--awb-order-medium:0;--awb-spacing-right-medium:1.92%;--awb-spacing-left-medium:1.92%;--awb-width-small:100%;--awb-order-small:4;--awb-spacing-right-small:1.92%;--awb-spacing-left-small:1.92%;\"><div class=\"fusion-column-wrapper fusion-column-has-shadow fusion-flex-justify-content-flex-start fusion-content-layout-column\"><div class=\"fusion-title title fusion-title-4 fusion-sep-none fusion-title-center fusion-title-highlight fusion-loop-on fusion-highlight-underline_zigzag fusion-title-size-three\" style=\"--awb-highlight-color:#f29400;--awb-highlight-top-margin:20px;--awb-highlight-width:12;\" data-highlight=\"underline_zigzag\"><h3 class=\"title-heading-center fusion-responsive-typography-calculated\" style=\"margin:0;--fontSize:24;line-height:1.4;\"><span class=\"fusion-highlighted-text-prefix\"><\/span> <span class=\"fusion-highlighted-text-wrapper\"><span class=\"fusion-highlighted-text\">D\u00e9veloppons nos territoires, Devenez ing\u00e9nieur(e)s! <\/span><\/span> <span class=\"fusion-highlighted-text-postfix\"><\/span><\/h3><\/div><\/div><\/div><\/div><\/div><div class=\"fusion-fullwidth fullwidth-box fusion-builder-row-2 fusion-flex-container hundred-percent-fullwidth non-hundred-percent-height-scrolling\" style=\"--awb-border-radius-top-left:0px;--awb-border-radius-top-right:0px;--awb-border-radius-bottom-right:0px;--awb-border-radius-bottom-left:0px;--awb-background-color:#ffffff;\" ><div class=\"fusion-builder-row fusion-row fusion-flex-align-items-flex-start\" style=\"width:calc( 100% + 0px ) !important;max-width:calc( 100% + 0px ) !important;margin-left: calc(-0px \/ 2 );margin-right: calc(-0px \/ 2 );\"><div class=\"fusion-layout-column fusion_builder_column fusion-builder-column-5 fusion_builder_column_1_1 1_1 fusion-flex-column fusion-flex-align-self-flex-start fusion-column-no-min-height\" style=\"--awb-bg-blend:overlay;--awb-bg-size:cover;--awb-width-large:100%;--awb-margin-top-large:0px;--awb-spacing-right-large:0px;--awb-margin-bottom-large:50px;--awb-spacing-left-large:0px;--awb-width-medium:100%;--awb-spacing-right-medium:0px;--awb-spacing-left-medium:0px;--awb-width-small:100%;--awb-spacing-right-small:0px;--awb-spacing-left-small:0px;\"><div class=\"fusion-column-wrapper fusion-flex-justify-content-flex-start fusion-content-layout-column\"><div class=\"fusion-section-separator section-separator bigtriangle fusion-section-separator-1\" style=\"--awb-spacer-height:99px;--awb-svg-margin-left:0px;--awb-svg-margin-right:0px;--awb-svg-margin-left-medium:0px;--awb-svg-margin-right-medium:0px;--awb-svg-margin-left-small:0px;--awb-svg-margin-right-small:0px;--awb-divider-height:99px;--awb-spacer-padding-top:inherit;--awb-sep-padding:0;--awb-svg-padding:0;\"><div class=\"fusion-section-separator-svg\"><svg class=\"fusion-big-triangle-candy\" xmlns=\"http:\/\/www.w3.org\/2000\/svg\" version=\"1.1\" width=\"100%\" height=\"100\" viewBox=\"0 0 100 100\" preserveAspectRatio=\"none\" fill=\"rgba(250,249,248,1)\"><path d=\"M-1 -1 L50 99 L101 -1 Z\"><\/path><\/svg><\/div><div class=\"fusion-section-separator-spacer\"><div class=\"fusion-section-separator-spacer-height\"><\/div><\/div><\/div><\/div><\/div><\/div><\/div><\/p>\n","protected":false},"excerpt":{"rendered":"","protected":false},"author":1,"featured_media":0,"parent":0,"menu_order":0,"comment_status":"closed","ping_status":"closed","template":"100-width.php","meta":[],"yoast_head":"<!-- This site is optimized with the Yoast SEO plugin v21.5 - https:\/\/yoast.com\/wordpress\/plugins\/seo\/ -->\n<title>L&#039;\u00e9dito - D\u00e9partement d&#039;ing\u00e9ni\u00e9rie<\/title>\n<meta name=\"robots\" content=\"index, follow, max-snippet:-1, max-image-preview:large, max-video-preview:-1\" \/>\n<link rel=\"canonical\" href=\"https:\/\/departement-ingenieur.univ-antilles.fr\/index.php\/edito\/\" \/>\n<meta property=\"og:locale\" content=\"fr_FR\" \/>\n<meta property=\"og:type\" content=\"article\" \/>\n<meta property=\"og:title\" content=\"L&#039;\u00e9dito - D\u00e9partement d&#039;ing\u00e9ni\u00e9rie\" \/>\n<meta property=\"og:url\" content=\"https:\/\/departement-ingenieur.univ-antilles.fr\/index.php\/edito\/\" \/>\n<meta property=\"og:site_name\" content=\"D\u00e9partement d&#039;ing\u00e9ni\u00e9rie\" \/>\n<meta property=\"article:publisher\" content=\"https:\/\/www.facebook.com\/AEIGguadeloupe\" \/>\n<meta property=\"article:modified_time\" content=\"2026-04-28T15:22:44+00:00\" \/>\n<meta name=\"twitter:card\" content=\"summary_large_image\" \/>\n<meta name=\"twitter:site\" content=\"@AssoEIG\" \/>\n<meta name=\"twitter:label1\" content=\"Dur\u00e9e de lecture estim\u00e9e\" \/>\n\t<meta name=\"twitter:data1\" content=\"10 minutes\" \/>\n<script type=\"application\/ld+json\" class=\"yoast-schema-graph\">{\"@context\":\"https:\/\/schema.org\",\"@graph\":[{\"@type\":\"WebPage\",\"@id\":\"https:\/\/departement-ingenieur.univ-antilles.fr\/index.php\/edito\/\",\"url\":\"https:\/\/departement-ingenieur.univ-antilles.fr\/index.php\/edito\/\",\"name\":\"L'\u00e9dito - D\u00e9partement d&#039;ing\u00e9ni\u00e9rie\",\"isPartOf\":{\"@id\":\"https:\/\/departement-ingenieur.univ-antilles.fr\/#website\"},\"datePublished\":\"2020-10-02T14:53:15+00:00\",\"dateModified\":\"2026-04-28T15:22:44+00:00\",\"breadcrumb\":{\"@id\":\"https:\/\/departement-ingenieur.univ-antilles.fr\/index.php\/edito\/#breadcrumb\"},\"inLanguage\":\"fr-FR\",\"potentialAction\":[{\"@type\":\"ReadAction\",\"target\":[\"https:\/\/departement-ingenieur.univ-antilles.fr\/index.php\/edito\/\"]}]},{\"@type\":\"BreadcrumbList\",\"@id\":\"https:\/\/departement-ingenieur.univ-antilles.fr\/index.php\/edito\/#breadcrumb\",\"itemListElement\":[{\"@type\":\"ListItem\",\"position\":1,\"name\":\"Accueil\",\"item\":\"https:\/\/departement-ingenieur.univ-antilles.fr\/\"},{\"@type\":\"ListItem\",\"position\":2,\"name\":\"L&rsquo;\u00e9dito\"}]},{\"@type\":\"WebSite\",\"@id\":\"https:\/\/departement-ingenieur.univ-antilles.fr\/#website\",\"url\":\"https:\/\/departement-ingenieur.univ-antilles.fr\/\",\"name\":\"D\u00e9partement d&#039;ing\u00e9ni\u00e9rie\",\"description\":\"Universit\u00e9 des Antilles\",\"publisher\":{\"@id\":\"https:\/\/departement-ingenieur.univ-antilles.fr\/#organization\"},\"potentialAction\":[{\"@type\":\"SearchAction\",\"target\":{\"@type\":\"EntryPoint\",\"urlTemplate\":\"https:\/\/departement-ingenieur.univ-antilles.fr\/?s={search_term_string}\"},\"query-input\":\"required name=search_term_string\"}],\"inLanguage\":\"fr-FR\"},{\"@type\":\"Organization\",\"@id\":\"https:\/\/departement-ingenieur.univ-antilles.fr\/#organization\",\"name\":\"D\u00e9partement d&#039;ing\u00e9ni\u00e9rie\",\"url\":\"https:\/\/departement-ingenieur.univ-antilles.fr\/\",\"logo\":{\"@type\":\"ImageObject\",\"inLanguage\":\"fr-FR\",\"@id\":\"https:\/\/departement-ingenieur.univ-antilles.fr\/#\/schema\/logo\/image\/\",\"url\":\"http:\/\/departement-ingenieur.univ-antilles.fr\/wp-content\/uploads\/2020\/10\/logo-DPT-UNIV.png\",\"contentUrl\":\"http:\/\/departement-ingenieur.univ-antilles.fr\/wp-content\/uploads\/2020\/10\/logo-DPT-UNIV.png\",\"width\":3348,\"height\":1376,\"caption\":\"D\u00e9partement d&#039;ing\u00e9ni\u00e9rie\"},\"image\":{\"@id\":\"https:\/\/departement-ingenieur.univ-antilles.fr\/#\/schema\/logo\/image\/\"},\"sameAs\":[\"https:\/\/www.facebook.com\/AEIGguadeloupe\",\"https:\/\/twitter.com\/AssoEIG\",\"https:\/\/www.instagram.com\/asso.eig\/?hl=fr\"]}]}<\/script>\n<!-- \/ Yoast SEO plugin. -->","yoast_head_json":{"title":"L'\u00e9dito - D\u00e9partement d&#039;ing\u00e9ni\u00e9rie","robots":{"index":"index","follow":"follow","max-snippet":"max-snippet:-1","max-image-preview":"max-image-preview:large","max-video-preview":"max-video-preview:-1"},"canonical":"https:\/\/departement-ingenieur.univ-antilles.fr\/index.php\/edito\/","og_locale":"fr_FR","og_type":"article","og_title":"L'\u00e9dito - D\u00e9partement d&#039;ing\u00e9ni\u00e9rie","og_url":"https:\/\/departement-ingenieur.univ-antilles.fr\/index.php\/edito\/","og_site_name":"D\u00e9partement d&#039;ing\u00e9ni\u00e9rie","article_publisher":"https:\/\/www.facebook.com\/AEIGguadeloupe","article_modified_time":"2026-04-28T15:22:44+00:00","twitter_card":"summary_large_image","twitter_site":"@AssoEIG","twitter_misc":{"Dur\u00e9e de lecture estim\u00e9e":"10 minutes"},"schema":{"@context":"https:\/\/schema.org","@graph":[{"@type":"WebPage","@id":"https:\/\/departement-ingenieur.univ-antilles.fr\/index.php\/edito\/","url":"https:\/\/departement-ingenieur.univ-antilles.fr\/index.php\/edito\/","name":"L'\u00e9dito - D\u00e9partement d&#039;ing\u00e9ni\u00e9rie","isPartOf":{"@id":"https:\/\/departement-ingenieur.univ-antilles.fr\/#website"},"datePublished":"2020-10-02T14:53:15+00:00","dateModified":"2026-04-28T15:22:44+00:00","breadcrumb":{"@id":"https:\/\/departement-ingenieur.univ-antilles.fr\/index.php\/edito\/#breadcrumb"},"inLanguage":"fr-FR","potentialAction":[{"@type":"ReadAction","target":["https:\/\/departement-ingenieur.univ-antilles.fr\/index.php\/edito\/"]}]},{"@type":"BreadcrumbList","@id":"https:\/\/departement-ingenieur.univ-antilles.fr\/index.php\/edito\/#breadcrumb","itemListElement":[{"@type":"ListItem","position":1,"name":"Accueil","item":"https:\/\/departement-ingenieur.univ-antilles.fr\/"},{"@type":"ListItem","position":2,"name":"L&rsquo;\u00e9dito"}]},{"@type":"WebSite","@id":"https:\/\/departement-ingenieur.univ-antilles.fr\/#website","url":"https:\/\/departement-ingenieur.univ-antilles.fr\/","name":"D\u00e9partement d&#039;ing\u00e9ni\u00e9rie","description":"Universit\u00e9 des Antilles","publisher":{"@id":"https:\/\/departement-ingenieur.univ-antilles.fr\/#organization"},"potentialAction":[{"@type":"SearchAction","target":{"@type":"EntryPoint","urlTemplate":"https:\/\/departement-ingenieur.univ-antilles.fr\/?s={search_term_string}"},"query-input":"required name=search_term_string"}],"inLanguage":"fr-FR"},{"@type":"Organization","@id":"https:\/\/departement-ingenieur.univ-antilles.fr\/#organization","name":"D\u00e9partement d&#039;ing\u00e9ni\u00e9rie","url":"https:\/\/departement-ingenieur.univ-antilles.fr\/","logo":{"@type":"ImageObject","inLanguage":"fr-FR","@id":"https:\/\/departement-ingenieur.univ-antilles.fr\/#\/schema\/logo\/image\/","url":"http:\/\/departement-ingenieur.univ-antilles.fr\/wp-content\/uploads\/2020\/10\/logo-DPT-UNIV.png","contentUrl":"http:\/\/departement-ingenieur.univ-antilles.fr\/wp-content\/uploads\/2020\/10\/logo-DPT-UNIV.png","width":3348,"height":1376,"caption":"D\u00e9partement d&#039;ing\u00e9ni\u00e9rie"},"image":{"@id":"https:\/\/departement-ingenieur.univ-antilles.fr\/#\/schema\/logo\/image\/"},"sameAs":["https:\/\/www.facebook.com\/AEIGguadeloupe","https:\/\/twitter.com\/AssoEIG","https:\/\/www.instagram.com\/asso.eig\/?hl=fr"]}]}},"_links":{"self":[{"href":"https:\/\/departement-ingenieur.univ-antilles.fr\/index.php\/wp-json\/wp\/v2\/pages\/2084"}],"collection":[{"href":"https:\/\/departement-ingenieur.univ-antilles.fr\/index.php\/wp-json\/wp\/v2\/pages"}],"about":[{"href":"https:\/\/departement-ingenieur.univ-antilles.fr\/index.php\/wp-json\/wp\/v2\/types\/page"}],"author":[{"embeddable":true,"href":"https:\/\/departement-ingenieur.univ-antilles.fr\/index.php\/wp-json\/wp\/v2\/users\/1"}],"replies":[{"embeddable":true,"href":"https:\/\/departement-ingenieur.univ-antilles.fr\/index.php\/wp-json\/wp\/v2\/comments?post=2084"}],"version-history":[{"count":16,"href":"https:\/\/departement-ingenieur.univ-antilles.fr\/index.php\/wp-json\/wp\/v2\/pages\/2084\/revisions"}],"predecessor-version":[{"id":2664,"href":"https:\/\/departement-ingenieur.univ-antilles.fr\/index.php\/wp-json\/wp\/v2\/pages\/2084\/revisions\/2664"}],"wp:attachment":[{"href":"https:\/\/departement-ingenieur.univ-antilles.fr\/index.php\/wp-json\/wp\/v2\/media?parent=2084"}],"curies":[{"name":"wp","href":"https:\/\/api.w.org\/{rel}","templated":true}]}}