{"id":2105,"date":"2020-10-30T10:07:43","date_gmt":"2020-10-30T14:07:43","guid":{"rendered":"http:\/\/departement-ingenieur.univ-antilles.fr\/?page_id=2105"},"modified":"2020-11-17T12:39:51","modified_gmt":"2020-11-17T16:39:51","slug":"campus","status":"publish","type":"page","link":"https:\/\/departement-ingenieur.univ-antilles.fr\/index.php\/campus\/","title":{"rendered":"Campus"},"content":{"rendered":"<div class=\"fusion-fullwidth fullwidth-box fusion-builder-row-1 fusion-flex-container nonhundred-percent-fullwidth non-hundred-percent-height-scrolling\" style=\"--awb-background-position:left top;--awb-border-sizes-top:0px;--awb-border-sizes-bottom:0px;--awb-border-sizes-left:0px;--awb-border-sizes-right:0px;--awb-border-radius-top-left:0px;--awb-border-radius-top-right:0px;--awb-border-radius-bottom-right:0px;--awb-border-radius-bottom-left:0px;--awb-padding-top:90px;--awb-padding-bottom:60px;--awb-background-color:#ffffff;\" ><div class=\"fusion-builder-row fusion-row fusion-flex-align-items-flex-start\" style=\"max-width:1331.2px;margin-left: calc(-4% \/ 2 );margin-right: calc(-4% \/ 2 );\"><div class=\"fusion-layout-column fusion_builder_column fusion-builder-column-0 fusion_builder_column_1_6 1_6 fusion-flex-column fusion-no-small-visibility\" style=\"--awb-bg-size:cover;--awb-width-large:16.666666666667%;--awb-margin-top-large:10px;--awb-spacing-right-large:11.52%;--awb-margin-bottom-large:10px;--awb-spacing-left-large:11.52%;--awb-width-medium:100%;--awb-spacing-right-medium:1.92%;--awb-spacing-left-medium:1.92%;--awb-width-small:100%;--awb-spacing-right-small:1.92%;--awb-spacing-left-small:1.92%;\"><div class=\"fusion-column-wrapper fusion-flex-justify-content-flex-start fusion-content-layout-column\"><i class=\"fb-icon-element-1 fb-icon-element fontawesome-icon fa-tools fas circle-yes fa-spin\" style=\"--awb-circlecolor:#e6441f;--awb-circlebordersize:0px;--awb-font-size:62.48px;--awb-width:124.96px;--awb-height:124.96px;--awb-line-height:124.96px;--awb-margin-top:0;--awb-margin-right:0;--awb-margin-bottom:0;--awb-margin-left:0;--awb-align-self:center;\"><\/i><\/div><\/div><div class=\"fusion-layout-column fusion_builder_column fusion-builder-column-1 fusion_builder_column_2_3 2_3 fusion-flex-column\" style=\"--awb-bg-size:cover;--awb-width-large:66.666666666667%;--awb-margin-top-large:10px;--awb-spacing-right-large:2.88%;--awb-margin-bottom-large:10px;--awb-spacing-left-large:2.88%;--awb-width-medium:100%;--awb-spacing-right-medium:1.92%;--awb-spacing-left-medium:1.92%;--awb-width-small:100%;--awb-spacing-right-small:1.92%;--awb-spacing-left-small:1.92%;\"><div class=\"fusion-column-wrapper fusion-flex-justify-content-flex-start fusion-content-layout-column\"><div class=\"fusion-image-element \" style=\"text-align:center;--awb-margin-bottom:32px;--awb-caption-title-font-family:var(--h2_typography-font-family);--awb-caption-title-font-weight:var(--h2_typography-font-weight);--awb-caption-title-font-style:var(--h2_typography-font-style);--awb-caption-title-size:var(--h2_typography-font-size);--awb-caption-title-transform:var(--h2_typography-text-transform);--awb-caption-title-line-height:var(--h2_typography-line-height);--awb-caption-title-letter-spacing:var(--h2_typography-letter-spacing);\"><span class=\" fusion-imageframe imageframe-none imageframe-1 hover-type-none\" class=\"image-magnify\" class=\"image-scroll\"><img decoding=\"async\" width=\"300\" height=\"300\" title=\"icon dpt ing\" src=\"http:\/\/departement-ingenieur.univ-antilles.fr\/wp-content\/uploads\/2020\/10\/icon-dpt-ing-300x300.png\" alt class=\"img-responsive wp-image-2134\" srcset=\"https:\/\/departement-ingenieur.univ-antilles.fr\/wp-content\/uploads\/2020\/10\/icon-dpt-ing-200x200.png 200w, https:\/\/departement-ingenieur.univ-antilles.fr\/wp-content\/uploads\/2020\/10\/icon-dpt-ing-400x400.png 400w, https:\/\/departement-ingenieur.univ-antilles.fr\/wp-content\/uploads\/2020\/10\/icon-dpt-ing-600x600.png 600w, https:\/\/departement-ingenieur.univ-antilles.fr\/wp-content\/uploads\/2020\/10\/icon-dpt-ing-800x800.png 800w, https:\/\/departement-ingenieur.univ-antilles.fr\/wp-content\/uploads\/2020\/10\/icon-dpt-ing-1200x1200.png 1200w, https:\/\/departement-ingenieur.univ-antilles.fr\/wp-content\/uploads\/2020\/10\/icon-dpt-ing.png 5834w\" sizes=\"(max-width: 1024px) 100vw, (max-width: 465px) 100vw, 1200px\" \/><\/span><\/div><div class=\"fusion-title title fusion-title-1 fusion-sep-none fusion-title-center fusion-title-text fusion-title-size-two\" style=\"--awb-margin-top:0px;\"><h2 class=\"title-heading-center fusion-responsive-typography-calculated\" style=\"margin:0;--fontSize:34;line-height:1.47;\">\u00ab\u00a0Page en construction\u00a0\u00bb<\/h2><\/div><\/div><\/div><div class=\"fusion-layout-column fusion_builder_column fusion-builder-column-2 fusion_builder_column_1_6 1_6 fusion-flex-column fusion-no-small-visibility\" style=\"--awb-bg-size:cover;--awb-width-large:16.666666666667%;--awb-margin-top-large:10px;--awb-spacing-right-large:11.52%;--awb-margin-bottom-large:10px;--awb-spacing-left-large:11.52%;--awb-width-medium:100%;--awb-spacing-right-medium:1.92%;--awb-spacing-left-medium:1.92%;--awb-width-small:100%;--awb-spacing-right-small:1.92%;--awb-spacing-left-small:1.92%;\"><div class=\"fusion-column-wrapper fusion-flex-justify-content-flex-start fusion-content-layout-column\"><i class=\"fb-icon-element-2 fb-icon-element fontawesome-icon fa-pencil-ruler fas circle-yes fa-spin\" style=\"--awb-circlecolor:#e6441f;--awb-circlebordersize:0px;--awb-font-size:62.48px;--awb-width:124.96px;--awb-height:124.96px;--awb-line-height:124.96px;--awb-margin-top:0;--awb-margin-right:0;--awb-margin-bottom:0;--awb-margin-left:0;--awb-align-self:center;\"><\/i><\/div><\/div><\/div><\/div>\n","protected":false},"excerpt":{"rendered":"","protected":false},"author":1,"featured_media":0,"parent":0,"menu_order":0,"comment_status":"closed","ping_status":"closed","template":"100-width.php","meta":[],"yoast_head":"<!-- This site is optimized with the Yoast SEO plugin v21.5 - https:\/\/yoast.com\/wordpress\/plugins\/seo\/ -->\n<title>Campus - D\u00e9partement d&#039;ing\u00e9ni\u00e9rie<\/title>\n<meta name=\"robots\" content=\"index, follow, max-snippet:-1, max-image-preview:large, max-video-preview:-1\" \/>\n<link rel=\"canonical\" href=\"https:\/\/departement-ingenieur.univ-antilles.fr\/index.php\/campus\/\" \/>\n<meta property=\"og:locale\" content=\"fr_FR\" \/>\n<meta property=\"og:type\" content=\"article\" \/>\n<meta property=\"og:title\" content=\"Campus - D\u00e9partement d&#039;ing\u00e9ni\u00e9rie\" \/>\n<meta property=\"og:url\" content=\"https:\/\/departement-ingenieur.univ-antilles.fr\/index.php\/campus\/\" \/>\n<meta property=\"og:site_name\" content=\"D\u00e9partement d&#039;ing\u00e9ni\u00e9rie\" \/>\n<meta property=\"article:publisher\" content=\"https:\/\/www.facebook.com\/AEIGguadeloupe\" \/>\n<meta property=\"article:modified_time\" content=\"2020-11-17T16:39:51+00:00\" \/>\n<meta name=\"twitter:card\" content=\"summary_large_image\" \/>\n<meta name=\"twitter:site\" content=\"@AssoEIG\" \/>\n<meta name=\"twitter:label1\" content=\"Dur\u00e9e de lecture estim\u00e9e\" \/>\n\t<meta name=\"twitter:data1\" content=\"3 minutes\" \/>\n<script type=\"application\/ld+json\" class=\"yoast-schema-graph\">{\"@context\":\"https:\/\/schema.org\",\"@graph\":[{\"@type\":\"WebPage\",\"@id\":\"https:\/\/departement-ingenieur.univ-antilles.fr\/index.php\/campus\/\",\"url\":\"https:\/\/departement-ingenieur.univ-antilles.fr\/index.php\/campus\/\",\"name\":\"Campus - D\u00e9partement d&#039;ing\u00e9ni\u00e9rie\",\"isPartOf\":{\"@id\":\"https:\/\/departement-ingenieur.univ-antilles.fr\/#website\"},\"datePublished\":\"2020-10-30T14:07:43+00:00\",\"dateModified\":\"2020-11-17T16:39:51+00:00\",\"breadcrumb\":{\"@id\":\"https:\/\/departement-ingenieur.univ-antilles.fr\/index.php\/campus\/#breadcrumb\"},\"inLanguage\":\"fr-FR\",\"potentialAction\":[{\"@type\":\"ReadAction\",\"target\":[\"https:\/\/departement-ingenieur.univ-antilles.fr\/index.php\/campus\/\"]}]},{\"@type\":\"BreadcrumbList\",\"@id\":\"https:\/\/departement-ingenieur.univ-antilles.fr\/index.php\/campus\/#breadcrumb\",\"itemListElement\":[{\"@type\":\"ListItem\",\"position\":1,\"name\":\"Accueil\",\"item\":\"https:\/\/departement-ingenieur.univ-antilles.fr\/\"},{\"@type\":\"ListItem\",\"position\":2,\"name\":\"Campus\"}]},{\"@type\":\"WebSite\",\"@id\":\"https:\/\/departement-ingenieur.univ-antilles.fr\/#website\",\"url\":\"https:\/\/departement-ingenieur.univ-antilles.fr\/\",\"name\":\"D\u00e9partement d&#039;ing\u00e9ni\u00e9rie\",\"description\":\"Universit\u00e9 des Antilles\",\"publisher\":{\"@id\":\"https:\/\/departement-ingenieur.univ-antilles.fr\/#organization\"},\"potentialAction\":[{\"@type\":\"SearchAction\",\"target\":{\"@type\":\"EntryPoint\",\"urlTemplate\":\"https:\/\/departement-ingenieur.univ-antilles.fr\/?s={search_term_string}\"},\"query-input\":\"required name=search_term_string\"}],\"inLanguage\":\"fr-FR\"},{\"@type\":\"Organization\",\"@id\":\"https:\/\/departement-ingenieur.univ-antilles.fr\/#organization\",\"name\":\"D\u00e9partement d&#039;ing\u00e9ni\u00e9rie\",\"url\":\"https:\/\/departement-ingenieur.univ-antilles.fr\/\",\"logo\":{\"@type\":\"ImageObject\",\"inLanguage\":\"fr-FR\",\"@id\":\"https:\/\/departement-ingenieur.univ-antilles.fr\/#\/schema\/logo\/image\/\",\"url\":\"http:\/\/departement-ingenieur.univ-antilles.fr\/wp-content\/uploads\/2020\/10\/logo-DPT-UNIV.png\",\"contentUrl\":\"http:\/\/departement-ingenieur.univ-antilles.fr\/wp-content\/uploads\/2020\/10\/logo-DPT-UNIV.png\",\"width\":3348,\"height\":1376,\"caption\":\"D\u00e9partement d&#039;ing\u00e9ni\u00e9rie\"},\"image\":{\"@id\":\"https:\/\/departement-ingenieur.univ-antilles.fr\/#\/schema\/logo\/image\/\"},\"sameAs\":[\"https:\/\/www.facebook.com\/AEIGguadeloupe\",\"https:\/\/twitter.com\/AssoEIG\",\"https:\/\/www.instagram.com\/asso.eig\/?hl=fr\"]}]}<\/script>\n<!-- \/ Yoast SEO plugin. -->","yoast_head_json":{"title":"Campus - D\u00e9partement d&#039;ing\u00e9ni\u00e9rie","robots":{"index":"index","follow":"follow","max-snippet":"max-snippet:-1","max-image-preview":"max-image-preview:large","max-video-preview":"max-video-preview:-1"},"canonical":"https:\/\/departement-ingenieur.univ-antilles.fr\/index.php\/campus\/","og_locale":"fr_FR","og_type":"article","og_title":"Campus - D\u00e9partement d&#039;ing\u00e9ni\u00e9rie","og_url":"https:\/\/departement-ingenieur.univ-antilles.fr\/index.php\/campus\/","og_site_name":"D\u00e9partement d&#039;ing\u00e9ni\u00e9rie","article_publisher":"https:\/\/www.facebook.com\/AEIGguadeloupe","article_modified_time":"2020-11-17T16:39:51+00:00","twitter_card":"summary_large_image","twitter_site":"@AssoEIG","twitter_misc":{"Dur\u00e9e de lecture estim\u00e9e":"3 minutes"},"schema":{"@context":"https:\/\/schema.org","@graph":[{"@type":"WebPage","@id":"https:\/\/departement-ingenieur.univ-antilles.fr\/index.php\/campus\/","url":"https:\/\/departement-ingenieur.univ-antilles.fr\/index.php\/campus\/","name":"Campus - D\u00e9partement d&#039;ing\u00e9ni\u00e9rie","isPartOf":{"@id":"https:\/\/departement-ingenieur.univ-antilles.fr\/#website"},"datePublished":"2020-10-30T14:07:43+00:00","dateModified":"2020-11-17T16:39:51+00:00","breadcrumb":{"@id":"https:\/\/departement-ingenieur.univ-antilles.fr\/index.php\/campus\/#breadcrumb"},"inLanguage":"fr-FR","potentialAction":[{"@type":"ReadAction","target":["https:\/\/departement-ingenieur.univ-antilles.fr\/index.php\/campus\/"]}]},{"@type":"BreadcrumbList","@id":"https:\/\/departement-ingenieur.univ-antilles.fr\/index.php\/campus\/#breadcrumb","itemListElement":[{"@type":"ListItem","position":1,"name":"Accueil","item":"https:\/\/departement-ingenieur.univ-antilles.fr\/"},{"@type":"ListItem","position":2,"name":"Campus"}]},{"@type":"WebSite","@id":"https:\/\/departement-ingenieur.univ-antilles.fr\/#website","url":"https:\/\/departement-ingenieur.univ-antilles.fr\/","name":"D\u00e9partement d&#039;ing\u00e9ni\u00e9rie","description":"Universit\u00e9 des Antilles","publisher":{"@id":"https:\/\/departement-ingenieur.univ-antilles.fr\/#organization"},"potentialAction":[{"@type":"SearchAction","target":{"@type":"EntryPoint","urlTemplate":"https:\/\/departement-ingenieur.univ-antilles.fr\/?s={search_term_string}"},"query-input":"required name=search_term_string"}],"inLanguage":"fr-FR"},{"@type":"Organization","@id":"https:\/\/departement-ingenieur.univ-antilles.fr\/#organization","name":"D\u00e9partement d&#039;ing\u00e9ni\u00e9rie","url":"https:\/\/departement-ingenieur.univ-antilles.fr\/","logo":{"@type":"ImageObject","inLanguage":"fr-FR","@id":"https:\/\/departement-ingenieur.univ-antilles.fr\/#\/schema\/logo\/image\/","url":"http:\/\/departement-ingenieur.univ-antilles.fr\/wp-content\/uploads\/2020\/10\/logo-DPT-UNIV.png","contentUrl":"http:\/\/departement-ingenieur.univ-antilles.fr\/wp-content\/uploads\/2020\/10\/logo-DPT-UNIV.png","width":3348,"height":1376,"caption":"D\u00e9partement d&#039;ing\u00e9ni\u00e9rie"},"image":{"@id":"https:\/\/departement-ingenieur.univ-antilles.fr\/#\/schema\/logo\/image\/"},"sameAs":["https:\/\/www.facebook.com\/AEIGguadeloupe","https:\/\/twitter.com\/AssoEIG","https:\/\/www.instagram.com\/asso.eig\/?hl=fr"]}]}},"_links":{"self":[{"href":"https:\/\/departement-ingenieur.univ-antilles.fr\/index.php\/wp-json\/wp\/v2\/pages\/2105"}],"collection":[{"href":"https:\/\/departement-ingenieur.univ-antilles.fr\/index.php\/wp-json\/wp\/v2\/pages"}],"about":[{"href":"https:\/\/departement-ingenieur.univ-antilles.fr\/index.php\/wp-json\/wp\/v2\/types\/page"}],"author":[{"embeddable":true,"href":"https:\/\/departement-ingenieur.univ-antilles.fr\/index.php\/wp-json\/wp\/v2\/users\/1"}],"replies":[{"embeddable":true,"href":"https:\/\/departement-ingenieur.univ-antilles.fr\/index.php\/wp-json\/wp\/v2\/comments?post=2105"}],"version-history":[{"count":2,"href":"https:\/\/departement-ingenieur.univ-antilles.fr\/index.php\/wp-json\/wp\/v2\/pages\/2105\/revisions"}],"predecessor-version":[{"id":2267,"href":"https:\/\/departement-ingenieur.univ-antilles.fr\/index.php\/wp-json\/wp\/v2\/pages\/2105\/revisions\/2267"}],"wp:attachment":[{"href":"https:\/\/departement-ingenieur.univ-antilles.fr\/index.php\/wp-json\/wp\/v2\/media?parent=2105"}],"curies":[{"name":"wp","href":"https:\/\/api.w.org\/{rel}","templated":true}]}}