{"id":2111,"date":"2020-10-30T10:11:26","date_gmt":"2020-10-30T14:11:26","guid":{"rendered":"http:\/\/departement-ingenieur.univ-antilles.fr\/?page_id=2111"},"modified":"2026-04-21T11:54:58","modified_gmt":"2026-04-21T15:54:58","slug":"international","status":"publish","type":"page","link":"https:\/\/departement-ingenieur.univ-antilles.fr\/index.php\/international\/","title":{"rendered":"International"},"content":{"rendered":"<p><div class=\"fusion-fullwidth fullwidth-box fusion-builder-row-1 fusion-flex-container nonhundred-percent-fullwidth non-hundred-percent-height-scrolling\" style=\"--awb-border-radius-top-left:0px;--awb-border-radius-top-right:0px;--awb-border-radius-bottom-right:0px;--awb-border-radius-bottom-left:0px;--awb-padding-top:100px;--awb-padding-bottom:40px;--awb-padding-top-small:25px;--awb-padding-bottom-small:25px;--awb-background-color:#f29400;\" ><div class=\"fusion-builder-row fusion-row fusion-flex-align-items-flex-start\" style=\"max-width:1331.2px;margin-left: calc(-4% \/ 2 );margin-right: calc(-4% \/ 2 );\"><div class=\"fusion-layout-column fusion_builder_column fusion-builder-column-0 fusion_builder_column_1_1 1_1 fusion-flex-column\" style=\"--awb-bg-size:cover;--awb-width-large:100%;--awb-margin-top-large:10px;--awb-spacing-right-large:1.92%;--awb-margin-bottom-large:10px;--awb-spacing-left-large:1.92%;--awb-width-medium:100%;--awb-order-medium:0;--awb-spacing-right-medium:1.92%;--awb-spacing-left-medium:1.92%;--awb-width-small:100%;--awb-order-small:0;--awb-spacing-right-small:1.92%;--awb-spacing-left-small:1.92%;\"><div class=\"fusion-column-wrapper fusion-column-has-shadow fusion-flex-justify-content-flex-start fusion-content-layout-column\"><div class=\"fusion-text fusion-text-1\" style=\"--awb-font-size:16px;--awb-text-color:#ffffff;\"><p style=\"text-align: center;\">Nos formations sont re\u0301solument ouvertes vers l\u2019international afin que les e\u0301le\u0300ves appre\u0301hendent les particularite\u0301s des diffe\u0301rentes re\u0301gions de la zone Carai\u0308be\/Ame\u0301rique.<\/p>\n<p style=\"text-align: center;\">\n<p style=\"text-align: center;\">Pour ce faire, l\u2019ensemble des e\u0301tudiants suivent des cours sur la culture de ces zones, en langues (anglais, espagnol), en entreprenariat, en droit et e\u0301conomie compare\u0301s (Europe\/Ame\u0301riques\/Carai\u0308bes). Les e\u0301le\u0300ves diplo\u0302me\u0301s ont a\u0300 la fin de leur cursus une bonne pratique de l\u2019anglais certifie\u0301e par l\u2019obtention du <strong>TOEIC<\/strong> (Niveau B2, 785 points).<\/p>\n<p style=\"text-align: center;\">Enfin, nous accueillons 10% d&rsquo;\u00e9tudiants \u00e9trangers dans nos formations et l&rsquo;ensemble de nos promotions ont effectu\u00e9 un stage de 4 mois minimum \u00e0 l&rsquo;international au cours de leurs cursus.<\/p>\n<\/div><\/div><\/div><\/div><\/div><div class=\"fusion-fullwidth fullwidth-box fusion-builder-row-2 fusion-flex-container nonhundred-percent-fullwidth non-hundred-percent-height-scrolling\" style=\"--awb-border-radius-top-left:0px;--awb-border-radius-top-right:0px;--awb-border-radius-bottom-right:0px;--awb-border-radius-bottom-left:0px;--awb-padding-bottom-small:25px;\" ><div class=\"fusion-builder-row fusion-row fusion-flex-align-items-flex-start\" style=\"max-width:1331.2px;margin-left: calc(-4% \/ 2 );margin-right: calc(-4% \/ 2 );\"><div class=\"fusion-layout-column fusion_builder_column fusion-builder-column-1 fusion_builder_column_1_1 1_1 fusion-flex-column\" style=\"--awb-bg-size:cover;--awb-width-large:100%;--awb-margin-top-large:0px;--awb-spacing-right-large:1.92%;--awb-margin-bottom-large:10px;--awb-spacing-left-large:1.92%;--awb-width-medium:100%;--awb-order-medium:0;--awb-spacing-right-medium:1.92%;--awb-spacing-left-medium:1.92%;--awb-width-small:100%;--awb-order-small:0;--awb-spacing-right-small:1.92%;--awb-spacing-left-small:1.92%;\"><div class=\"fusion-column-wrapper fusion-column-has-shadow fusion-flex-justify-content-flex-start fusion-content-layout-column\"><div class=\"fusion-section-separator section-separator horizon fusion-section-separator-1\" style=\"--awb-spacer-padding-top:17.3828125%;--awb-svg-margin-left:1.92%;--awb-svg-margin-right:1.92%;--awb-svg-margin-left-medium:1.92%;--awb-svg-margin-right-medium:1.92%;--awb-svg-margin-left-small:1.92%;--awb-svg-margin-right-small:1.92%;--awb-sep-font-size:0;--awb-sep-line-height:0;\"><div class=\"fusion-section-separator-svg\"><svg class=\"fusion-horizon-candy\" fill=\"#f29400\" xmlns=\"http:\/\/www.w3.org\/2000\/svg\" version=\"1.1\" width=\"100%\" viewBox=\"0 0 1024 178\" preserveAspectRatio=\"none\" fill=\"rgba(242,148,0,1)\"><path class=\"st0\" d=\"M1024 177.193L507.699 43.254 0 177.193V.041h1024v177.152z\"\/>\n\t\t\t\t\t\t\t\t\t<path class=\"st1\" d=\"M1024 138.076L507.699 43.152 0 138.076V-.266h1024v138.342z\"\/>\n\t\t\t\t\t\t\t\t\t<path class=\"st2\" d=\"M1024 67.728L507.699 43.152 0 67.728V-.266h1024v67.994z\"\/>\n\t\t\t\t\t\t\t\t\t<path class=\"st3\" d=\"M1024 3.625L507.699 43.152 0 3.625V-.266h1024v3.891z\"\/>\n\t\t\t\t\t\t\t\t<\/svg><\/div><div class=\"fusion-section-separator-spacer\"><div class=\"fusion-section-separator-spacer-height\"><\/div><\/div><\/div><\/div><\/div><div class=\"fusion-layout-column fusion_builder_column fusion-builder-column-2 fusion_builder_column_1_1 1_1 fusion-flex-column\" style=\"--awb-padding-top-small:25px;--awb-bg-size:cover;--awb-width-large:100%;--awb-margin-top-large:10px;--awb-spacing-right-large:1.92%;--awb-margin-bottom-large:32px;--awb-spacing-left-large:1.92%;--awb-width-medium:100%;--awb-order-medium:0;--awb-spacing-right-medium:1.92%;--awb-spacing-left-medium:1.92%;--awb-width-small:100%;--awb-order-small:0;--awb-spacing-right-small:1.92%;--awb-spacing-left-small:1.92%;\"><div class=\"fusion-column-wrapper fusion-column-has-shadow fusion-flex-justify-content-flex-start fusion-content-layout-column\"><div class=\"fusion-title title fusion-title-1 fusion-sep-none fusion-title-center fusion-title-text fusion-title-size-two\" style=\"--awb-margin-top:20px;\"><h2 class=\"title-heading-center fusion-responsive-typography-calculated\" style=\"margin:0;--fontSize:34;line-height:1.47;\"><strong>STAGE OBLIGATOIRE \u00c0 L\u2019\u00c9TRANGER <\/strong><\/h2><\/div><div class=\"fusion-text fusion-text-2\" style=\"--awb-font-size:16px;\"><p style=\"text-align: center;\">Les \u00e9tudiants r\u00e9alisent durant leur cursus un stage obligatoire \u00e0 l\u2019international.<\/p>\n<\/div><\/div><\/div><div class=\"fusion-layout-column fusion_builder_column fusion-builder-column-3 fusion_builder_column_1_1 1_1 fusion-flex-column fusion-flex-align-self-flex-start\" style=\"--awb-bg-size:cover;--awb-width-large:100%;--awb-margin-top-large:10px;--awb-spacing-right-large:1.92%;--awb-margin-bottom-large:50px;--awb-spacing-left-large:1.92%;--awb-width-medium:100%;--awb-order-medium:0;--awb-spacing-right-medium:1.92%;--awb-spacing-left-medium:1.92%;--awb-width-small:100%;--awb-order-small:0;--awb-spacing-right-small:1.92%;--awb-spacing-left-small:1.92%;\"><div class=\"fusion-column-wrapper fusion-column-has-shadow fusion-flex-justify-content-flex-start fusion-content-layout-column\"><ul style=\"--awb-size:20px;--awb-iconcolor:#f29400;--awb-line-height:34px;--awb-icon-width:34px;--awb-icon-height:34px;--awb-icon-margin:14px;--awb-content-margin:48px;\" class=\"fusion-checklist fusion-checklist-1 fusion-checklist-default fusion-checklist-divider type-icons\"><li class=\"fusion-li-item\" style=\"\"><span class=\"icon-wrapper circle-no\"><i class=\"fusion-li-icon fa-angle-right fas\" aria-hidden=\"true\"><\/i><\/span><div class=\"fusion-li-item-content\">\n<p><strong>87 %<\/strong> de nos \u00e9tudiants partent \u00e0 l\u2019\u00e9tranger<\/p>\n<\/div><\/li><li class=\"fusion-li-item\" style=\"\"><span class=\"icon-wrapper circle-no\"><i class=\"fusion-li-icon fa-angle-right fas\" aria-hidden=\"true\"><\/i><\/span><div class=\"fusion-li-item-content\">\n<p><strong>80 %<\/strong> dans la zone Cara\u00efbe\/Am\u00e9rique<\/p>\n<\/div><\/li><li class=\"fusion-li-item\" style=\"\"><span class=\"icon-wrapper circle-no\"><i class=\"fusion-li-icon fa-angle-right fas\" aria-hidden=\"true\"><\/i><\/span><div class=\"fusion-li-item-content\">\n<p><strong>20 %<\/strong> dans l\u2019hexagone ou autres destinations<\/p>\n<\/div><\/li><\/ul><\/div><\/div><div class=\"fusion-layout-column fusion_builder_column fusion-builder-column-4 fusion_builder_column_1_1 1_1 fusion-flex-column\" style=\"--awb-bg-size:cover;--awb-width-large:100%;--awb-margin-top-large:10px;--awb-spacing-right-large:1.92%;--awb-margin-bottom-large:10px;--awb-spacing-left-large:1.92%;--awb-width-medium:100%;--awb-order-medium:0;--awb-spacing-right-medium:1.92%;--awb-spacing-left-medium:1.92%;--awb-width-small:100%;--awb-order-small:0;--awb-spacing-right-small:1.92%;--awb-spacing-left-small:1.92%;\"><div class=\"fusion-column-wrapper fusion-column-has-shadow fusion-flex-justify-content-flex-start fusion-content-layout-column\"><div class=\"fusion-text fusion-text-3\" style=\"--awb-font-size:16px;\"><p style=\"text-align: center;\"><strong>La carte ci-dessous indique les diff\u00e9rentes localisations de stages effectu\u00e9s par les \u00e9l\u00e8ves ing\u00e9nieurs :<\/strong><\/p>\n<\/div><div class=\"fusion-image-element \" style=\"--awb-caption-title-font-family:var(--h2_typography-font-family);--awb-caption-title-font-weight:var(--h2_typography-font-weight);--awb-caption-title-font-style:var(--h2_typography-font-style);--awb-caption-title-size:var(--h2_typography-font-size);--awb-caption-title-transform:var(--h2_typography-text-transform);--awb-caption-title-line-height:var(--h2_typography-line-height);--awb-caption-title-letter-spacing:var(--h2_typography-letter-spacing);\"><span class=\" fusion-imageframe imageframe-none imageframe-1 hover-type-none\" class=\"image-magnify\" class=\"image-scroll\"><img decoding=\"async\" width=\"2560\" height=\"1476\" title=\"CARTE-INTERNATIONNAL\" src=\"http:\/\/departement-ingenieur.univ-antilles.fr\/wp-content\/uploads\/2020\/10\/CARTE-INTERNATIONNAL-scaled.jpg\" alt class=\"img-responsive wp-image-2278\" srcset=\"https:\/\/departement-ingenieur.univ-antilles.fr\/wp-content\/uploads\/2020\/10\/CARTE-INTERNATIONNAL-200x115.jpg 200w, https:\/\/departement-ingenieur.univ-antilles.fr\/wp-content\/uploads\/2020\/10\/CARTE-INTERNATIONNAL-400x231.jpg 400w, https:\/\/departement-ingenieur.univ-antilles.fr\/wp-content\/uploads\/2020\/10\/CARTE-INTERNATIONNAL-600x346.jpg 600w, https:\/\/departement-ingenieur.univ-antilles.fr\/wp-content\/uploads\/2020\/10\/CARTE-INTERNATIONNAL-800x461.jpg 800w, https:\/\/departement-ingenieur.univ-antilles.fr\/wp-content\/uploads\/2020\/10\/CARTE-INTERNATIONNAL-1200x692.jpg 1200w, https:\/\/departement-ingenieur.univ-antilles.fr\/wp-content\/uploads\/2020\/10\/CARTE-INTERNATIONNAL-scaled.jpg 2560w\" sizes=\"(max-width: 1024px) 100vw, (max-width: 465px) 100vw, 2560px\" \/><\/span><\/div><\/div><\/div><\/div><\/div><div class=\"fusion-fullwidth fullwidth-box fusion-builder-row-3 fusion-flex-container nonhundred-percent-fullwidth non-hundred-percent-height-scrolling\" style=\"--awb-border-radius-top-left:0px;--awb-border-radius-top-right:0px;--awb-border-radius-bottom-right:0px;--awb-border-radius-bottom-left:0px;--awb-background-color:#333c4e;\" ><div class=\"fusion-builder-row fusion-row fusion-flex-align-items-flex-start\" style=\"max-width:1331.2px;margin-left: calc(-4% \/ 2 );margin-right: calc(-4% \/ 2 );\"><div class=\"fusion-layout-column fusion_builder_column fusion-builder-column-5 fusion_builder_column_1_1 1_1 fusion-flex-column\" style=\"--awb-bg-size:cover;--awb-width-large:100%;--awb-margin-top-large:0px;--awb-spacing-right-large:1.92%;--awb-margin-bottom-large:10px;--awb-spacing-left-large:1.92%;--awb-width-medium:100%;--awb-order-medium:0;--awb-spacing-right-medium:1.92%;--awb-spacing-left-medium:1.92%;--awb-width-small:100%;--awb-order-small:0;--awb-spacing-right-small:1.92%;--awb-spacing-left-small:1.92%;\"><div class=\"fusion-column-wrapper fusion-column-has-shadow fusion-flex-justify-content-flex-start fusion-content-layout-column\"><div class=\"fusion-section-separator section-separator horizon fusion-section-separator-2\" style=\"--awb-spacer-padding-top:17.3828125%;--awb-svg-margin-left:1.92%;--awb-svg-margin-right:1.92%;--awb-svg-margin-left-medium:1.92%;--awb-svg-margin-right-medium:1.92%;--awb-svg-margin-left-small:1.92%;--awb-svg-margin-right-small:1.92%;--awb-sep-font-size:0;--awb-sep-line-height:0;\"><div class=\"fusion-section-separator-svg\"><svg class=\"fusion-horizon-candy\" fill=\"#ffffff\" xmlns=\"http:\/\/www.w3.org\/2000\/svg\" version=\"1.1\" width=\"100%\" viewBox=\"0 0 1024 178\" preserveAspectRatio=\"none\" fill=\"rgba(255,255,255,1)\"><path class=\"st0\" d=\"M1024 177.193L507.699 43.254 0 177.193V.041h1024v177.152z\"\/>\n\t\t\t\t\t\t\t\t\t<path class=\"st1\" d=\"M1024 138.076L507.699 43.152 0 138.076V-.266h1024v138.342z\"\/>\n\t\t\t\t\t\t\t\t\t<path class=\"st2\" d=\"M1024 67.728L507.699 43.152 0 67.728V-.266h1024v67.994z\"\/>\n\t\t\t\t\t\t\t\t\t<path class=\"st3\" d=\"M1024 3.625L507.699 43.152 0 3.625V-.266h1024v3.891z\"\/>\n\t\t\t\t\t\t\t\t<\/svg><\/div><div class=\"fusion-section-separator-spacer\"><div class=\"fusion-section-separator-spacer-height\"><\/div><\/div><\/div><div class=\"fusion-title title fusion-title-2 fusion-sep-none fusion-title-center fusion-title-text fusion-title-size-two\" style=\"--awb-text-color:#ffffff;\"><h2 class=\"title-heading-center fusion-responsive-typography-calculated\" style=\"margin:0;--fontSize:34;line-height:1.47;\"><strong>ACCUEIL D\u2019\u00c9TUDIANTS \u00c9TRANGERS<\/strong><\/h2><\/div><\/div><\/div><\/div><\/div><div class=\"fusion-fullwidth fullwidth-box fusion-builder-row-4 fusion-flex-container nonhundred-percent-fullwidth non-hundred-percent-height-scrolling\" style=\"--awb-border-radius-top-left:0px;--awb-border-radius-top-right:0px;--awb-border-radius-bottom-right:0px;--awb-border-radius-bottom-left:0px;--awb-padding-top:10px;--awb-padding-bottom:100px;--awb-padding-bottom-small:25px;--awb-background-color:#333c4e;\" ><div class=\"fusion-builder-row fusion-row fusion-flex-align-items-flex-start\" style=\"max-width:1331.2px;margin-left: calc(-4% \/ 2 );margin-right: calc(-4% \/ 2 );\"><div class=\"fusion-layout-column fusion_builder_column fusion-builder-column-6 fusion_builder_column_1_1 1_1 fusion-flex-column\" style=\"--awb-bg-size:cover;--awb-width-large:100%;--awb-margin-top-large:10px;--awb-spacing-right-large:1.92%;--awb-margin-bottom-large:10px;--awb-spacing-left-large:1.92%;--awb-width-medium:100%;--awb-order-medium:0;--awb-spacing-right-medium:1.92%;--awb-spacing-left-medium:1.92%;--awb-width-small:100%;--awb-order-small:0;--awb-spacing-right-small:1.92%;--awb-spacing-left-small:1.92%;\"><div class=\"fusion-column-wrapper fusion-column-has-shadow fusion-flex-justify-content-flex-start fusion-content-layout-column\"><div class=\"fusion-text fusion-text-4\" style=\"--awb-font-size:16px;--awb-text-color:#ffffff;\"><p style=\"text-align: center;\"><strong>10%<\/strong> de nos \u00e9tudiants sont originaires de pays \u00e9trangers, d\u00e9montrant l\u2019attractivit\u00e9 de la formation \u00e0 l\u2019international<\/p>\n<\/div><\/div><\/div><div class=\"fusion-layout-column fusion_builder_column fusion-builder-column-7 fusion_builder_column_1_1 1_1 fusion-flex-column\" style=\"--awb-bg-size:cover;--awb-width-large:100%;--awb-margin-top-large:10px;--awb-spacing-right-large:1.92%;--awb-margin-bottom-large:10px;--awb-spacing-left-large:1.92%;--awb-width-medium:100%;--awb-order-medium:0;--awb-spacing-right-medium:1.92%;--awb-spacing-left-medium:1.92%;--awb-width-small:100%;--awb-order-small:0;--awb-spacing-right-small:1.92%;--awb-spacing-left-small:1.92%;\"><div class=\"fusion-column-wrapper fusion-column-has-shadow fusion-flex-justify-content-flex-start fusion-content-layout-column\"><style type=\"text\/css\">#fusion-chart-1 .fusion-chart-legend-wrap li:nth-child(1) span{color: #ffffff;}#fusion-chart-1 .fusion-chart-legend-wrap li:nth-child(2) span{color: #ffffff;}#fusion-chart-1 .fusion-chart-legend-wrap li:nth-child(3) span{color: #ffffff;}#fusion-chart-1 .fusion-chart-legend-wrap li:nth-child(4) span{color: #ffffff;}<\/style><div id=\"fusion-chart-1\" class=\"fusion-chart legend-right\" data-type=\"doughnut\" data-chart_legend_position=\"right\" data-x_axis_labels=\"Cameroun|Maroc|Cuba|B\u00e9nin|Gabon|Niger|Ha\u00efti\" data-show_tooltips=\"yes\" data-bg_colors=\"rgba(255,193,7,1)|rgba(242,179,77,0.73)|rgba(242,148,0,0.73)|rgba(242,148,0,1)|rgba(229,122,98,0.7)|rgba(230,68,31,0.7)|rgba(230,68,31,1)\" data-border_colors=\"rgba(255,193,7,1)|rgba(242,179,77,0.73)|rgba(242,148,0,0.73)|rgba(242,148,0,1)|rgba(229,122,98,0.7)|rgba(230,68,31,0.7)|rgba(230,68,31,1)\" data-border_size=\"0\" data-border_type=\"smooth\" data-chart_fill=\"off\" data-chart_point_style=\"circle\" data-chart_point_size=\"3\" data-chart_axis_text_color=\"rgba(74,78,87,1)\" data-chart_gridline_color=\"rgba(0,0,0,0.1)\"><div class=\"fusion-chart-dataset\" data-label=\"%\" data-values=\"8|8|8|8|9|17|42\" data-background_color=\"rgba(0,188,212,1)\" data-border_color=\"rgba(0,188,212,1)\"><\/div><div class=\"fusion-chart-inner\"><div class=\"fusion-chart-wrap\"><canvas><\/canvas><\/div><div class=\"fusion-chart-legend-wrap\"><\/div><\/div><\/div><\/div><\/div><\/div><\/div><\/p>\n","protected":false},"excerpt":{"rendered":"","protected":false},"author":1,"featured_media":0,"parent":0,"menu_order":0,"comment_status":"closed","ping_status":"closed","template":"100-width.php","meta":[],"yoast_head":"<!-- This site is optimized with the Yoast SEO plugin v21.5 - https:\/\/yoast.com\/wordpress\/plugins\/seo\/ -->\n<title>International - D\u00e9partement d&#039;ing\u00e9ni\u00e9rie<\/title>\n<meta name=\"robots\" content=\"index, follow, max-snippet:-1, max-image-preview:large, max-video-preview:-1\" \/>\n<link rel=\"canonical\" href=\"https:\/\/departement-ingenieur.univ-antilles.fr\/index.php\/international\/\" \/>\n<meta property=\"og:locale\" content=\"fr_FR\" \/>\n<meta property=\"og:type\" content=\"article\" \/>\n<meta property=\"og:title\" content=\"International - D\u00e9partement d&#039;ing\u00e9ni\u00e9rie\" \/>\n<meta property=\"og:url\" content=\"https:\/\/departement-ingenieur.univ-antilles.fr\/index.php\/international\/\" \/>\n<meta property=\"og:site_name\" content=\"D\u00e9partement d&#039;ing\u00e9ni\u00e9rie\" \/>\n<meta property=\"article:publisher\" content=\"https:\/\/www.facebook.com\/AEIGguadeloupe\" \/>\n<meta property=\"article:modified_time\" content=\"2026-04-21T15:54:58+00:00\" \/>\n<meta name=\"twitter:card\" content=\"summary_large_image\" \/>\n<meta name=\"twitter:site\" content=\"@AssoEIG\" \/>\n<meta name=\"twitter:label1\" content=\"Dur\u00e9e de lecture estim\u00e9e\" \/>\n\t<meta name=\"twitter:data1\" content=\"13 minutes\" \/>\n<script type=\"application\/ld+json\" class=\"yoast-schema-graph\">{\"@context\":\"https:\/\/schema.org\",\"@graph\":[{\"@type\":\"WebPage\",\"@id\":\"https:\/\/departement-ingenieur.univ-antilles.fr\/index.php\/international\/\",\"url\":\"https:\/\/departement-ingenieur.univ-antilles.fr\/index.php\/international\/\",\"name\":\"International - D\u00e9partement d&#039;ing\u00e9ni\u00e9rie\",\"isPartOf\":{\"@id\":\"https:\/\/departement-ingenieur.univ-antilles.fr\/#website\"},\"datePublished\":\"2020-10-30T14:11:26+00:00\",\"dateModified\":\"2026-04-21T15:54:58+00:00\",\"breadcrumb\":{\"@id\":\"https:\/\/departement-ingenieur.univ-antilles.fr\/index.php\/international\/#breadcrumb\"},\"inLanguage\":\"fr-FR\",\"potentialAction\":[{\"@type\":\"ReadAction\",\"target\":[\"https:\/\/departement-ingenieur.univ-antilles.fr\/index.php\/international\/\"]}]},{\"@type\":\"BreadcrumbList\",\"@id\":\"https:\/\/departement-ingenieur.univ-antilles.fr\/index.php\/international\/#breadcrumb\",\"itemListElement\":[{\"@type\":\"ListItem\",\"position\":1,\"name\":\"Accueil\",\"item\":\"https:\/\/departement-ingenieur.univ-antilles.fr\/\"},{\"@type\":\"ListItem\",\"position\":2,\"name\":\"International\"}]},{\"@type\":\"WebSite\",\"@id\":\"https:\/\/departement-ingenieur.univ-antilles.fr\/#website\",\"url\":\"https:\/\/departement-ingenieur.univ-antilles.fr\/\",\"name\":\"D\u00e9partement d&#039;ing\u00e9ni\u00e9rie\",\"description\":\"Universit\u00e9 des Antilles\",\"publisher\":{\"@id\":\"https:\/\/departement-ingenieur.univ-antilles.fr\/#organization\"},\"potentialAction\":[{\"@type\":\"SearchAction\",\"target\":{\"@type\":\"EntryPoint\",\"urlTemplate\":\"https:\/\/departement-ingenieur.univ-antilles.fr\/?s={search_term_string}\"},\"query-input\":\"required name=search_term_string\"}],\"inLanguage\":\"fr-FR\"},{\"@type\":\"Organization\",\"@id\":\"https:\/\/departement-ingenieur.univ-antilles.fr\/#organization\",\"name\":\"D\u00e9partement d&#039;ing\u00e9ni\u00e9rie\",\"url\":\"https:\/\/departement-ingenieur.univ-antilles.fr\/\",\"logo\":{\"@type\":\"ImageObject\",\"inLanguage\":\"fr-FR\",\"@id\":\"https:\/\/departement-ingenieur.univ-antilles.fr\/#\/schema\/logo\/image\/\",\"url\":\"http:\/\/departement-ingenieur.univ-antilles.fr\/wp-content\/uploads\/2020\/10\/logo-DPT-UNIV.png\",\"contentUrl\":\"http:\/\/departement-ingenieur.univ-antilles.fr\/wp-content\/uploads\/2020\/10\/logo-DPT-UNIV.png\",\"width\":3348,\"height\":1376,\"caption\":\"D\u00e9partement d&#039;ing\u00e9ni\u00e9rie\"},\"image\":{\"@id\":\"https:\/\/departement-ingenieur.univ-antilles.fr\/#\/schema\/logo\/image\/\"},\"sameAs\":[\"https:\/\/www.facebook.com\/AEIGguadeloupe\",\"https:\/\/twitter.com\/AssoEIG\",\"https:\/\/www.instagram.com\/asso.eig\/?hl=fr\"]}]}<\/script>\n<!-- \/ Yoast SEO plugin. -->","yoast_head_json":{"title":"International - D\u00e9partement d&#039;ing\u00e9ni\u00e9rie","robots":{"index":"index","follow":"follow","max-snippet":"max-snippet:-1","max-image-preview":"max-image-preview:large","max-video-preview":"max-video-preview:-1"},"canonical":"https:\/\/departement-ingenieur.univ-antilles.fr\/index.php\/international\/","og_locale":"fr_FR","og_type":"article","og_title":"International - D\u00e9partement d&#039;ing\u00e9ni\u00e9rie","og_url":"https:\/\/departement-ingenieur.univ-antilles.fr\/index.php\/international\/","og_site_name":"D\u00e9partement d&#039;ing\u00e9ni\u00e9rie","article_publisher":"https:\/\/www.facebook.com\/AEIGguadeloupe","article_modified_time":"2026-04-21T15:54:58+00:00","twitter_card":"summary_large_image","twitter_site":"@AssoEIG","twitter_misc":{"Dur\u00e9e de lecture estim\u00e9e":"13 minutes"},"schema":{"@context":"https:\/\/schema.org","@graph":[{"@type":"WebPage","@id":"https:\/\/departement-ingenieur.univ-antilles.fr\/index.php\/international\/","url":"https:\/\/departement-ingenieur.univ-antilles.fr\/index.php\/international\/","name":"International - D\u00e9partement d&#039;ing\u00e9ni\u00e9rie","isPartOf":{"@id":"https:\/\/departement-ingenieur.univ-antilles.fr\/#website"},"datePublished":"2020-10-30T14:11:26+00:00","dateModified":"2026-04-21T15:54:58+00:00","breadcrumb":{"@id":"https:\/\/departement-ingenieur.univ-antilles.fr\/index.php\/international\/#breadcrumb"},"inLanguage":"fr-FR","potentialAction":[{"@type":"ReadAction","target":["https:\/\/departement-ingenieur.univ-antilles.fr\/index.php\/international\/"]}]},{"@type":"BreadcrumbList","@id":"https:\/\/departement-ingenieur.univ-antilles.fr\/index.php\/international\/#breadcrumb","itemListElement":[{"@type":"ListItem","position":1,"name":"Accueil","item":"https:\/\/departement-ingenieur.univ-antilles.fr\/"},{"@type":"ListItem","position":2,"name":"International"}]},{"@type":"WebSite","@id":"https:\/\/departement-ingenieur.univ-antilles.fr\/#website","url":"https:\/\/departement-ingenieur.univ-antilles.fr\/","name":"D\u00e9partement d&#039;ing\u00e9ni\u00e9rie","description":"Universit\u00e9 des Antilles","publisher":{"@id":"https:\/\/departement-ingenieur.univ-antilles.fr\/#organization"},"potentialAction":[{"@type":"SearchAction","target":{"@type":"EntryPoint","urlTemplate":"https:\/\/departement-ingenieur.univ-antilles.fr\/?s={search_term_string}"},"query-input":"required name=search_term_string"}],"inLanguage":"fr-FR"},{"@type":"Organization","@id":"https:\/\/departement-ingenieur.univ-antilles.fr\/#organization","name":"D\u00e9partement d&#039;ing\u00e9ni\u00e9rie","url":"https:\/\/departement-ingenieur.univ-antilles.fr\/","logo":{"@type":"ImageObject","inLanguage":"fr-FR","@id":"https:\/\/departement-ingenieur.univ-antilles.fr\/#\/schema\/logo\/image\/","url":"http:\/\/departement-ingenieur.univ-antilles.fr\/wp-content\/uploads\/2020\/10\/logo-DPT-UNIV.png","contentUrl":"http:\/\/departement-ingenieur.univ-antilles.fr\/wp-content\/uploads\/2020\/10\/logo-DPT-UNIV.png","width":3348,"height":1376,"caption":"D\u00e9partement d&#039;ing\u00e9ni\u00e9rie"},"image":{"@id":"https:\/\/departement-ingenieur.univ-antilles.fr\/#\/schema\/logo\/image\/"},"sameAs":["https:\/\/www.facebook.com\/AEIGguadeloupe","https:\/\/twitter.com\/AssoEIG","https:\/\/www.instagram.com\/asso.eig\/?hl=fr"]}]}},"_links":{"self":[{"href":"https:\/\/departement-ingenieur.univ-antilles.fr\/index.php\/wp-json\/wp\/v2\/pages\/2111"}],"collection":[{"href":"https:\/\/departement-ingenieur.univ-antilles.fr\/index.php\/wp-json\/wp\/v2\/pages"}],"about":[{"href":"https:\/\/departement-ingenieur.univ-antilles.fr\/index.php\/wp-json\/wp\/v2\/types\/page"}],"author":[{"embeddable":true,"href":"https:\/\/departement-ingenieur.univ-antilles.fr\/index.php\/wp-json\/wp\/v2\/users\/1"}],"replies":[{"embeddable":true,"href":"https:\/\/departement-ingenieur.univ-antilles.fr\/index.php\/wp-json\/wp\/v2\/comments?post=2111"}],"version-history":[{"count":6,"href":"https:\/\/departement-ingenieur.univ-antilles.fr\/index.php\/wp-json\/wp\/v2\/pages\/2111\/revisions"}],"predecessor-version":[{"id":2654,"href":"https:\/\/departement-ingenieur.univ-antilles.fr\/index.php\/wp-json\/wp\/v2\/pages\/2111\/revisions\/2654"}],"wp:attachment":[{"href":"https:\/\/departement-ingenieur.univ-antilles.fr\/index.php\/wp-json\/wp\/v2\/media?parent=2111"}],"curies":[{"name":"wp","href":"https:\/\/api.w.org\/{rel}","templated":true}]}}