{"id":2144,"date":"2020-11-05T11:29:57","date_gmt":"2020-11-05T15:29:57","guid":{"rendered":"http:\/\/departement-ingenieur.univ-antilles.fr\/?page_id=2144"},"modified":"2020-12-10T14:03:23","modified_gmt":"2020-12-10T18:03:23","slug":"espace-candidat","status":"publish","type":"page","link":"https:\/\/departement-ingenieur.univ-antilles.fr\/index.php\/espace-candidat\/","title":{"rendered":"ESPACE CANDIDAT"},"content":{"rendered":"<p><div class=\"fusion-fullwidth fullwidth-box fusion-builder-row-1 fusion-flex-container nonhundred-percent-fullwidth non-hundred-percent-height-scrolling\" style=\"--awb-border-radius-top-left:0px;--awb-border-radius-top-right:0px;--awb-border-radius-bottom-right:0px;--awb-border-radius-bottom-left:0px;--awb-padding-top:80px;--awb-padding-bottom:80px;--awb-padding-top-small:10px;--awb-padding-bottom-small:30px;--awb-margin-bottom:0px;--awb-background-color:#e6441f;\" ><div class=\"fusion-builder-row fusion-row fusion-flex-align-items-center\" style=\"max-width:1331.2px;margin-left: calc(-4% \/ 2 );margin-right: calc(-4% \/ 2 );\"><div class=\"fusion-layout-column fusion_builder_column fusion-builder-column-0 fusion_builder_column_2_3 2_3 fusion-flex-column\" style=\"--awb-bg-size:cover;--awb-width-large:66.666666666667%;--awb-margin-top-large:10px;--awb-spacing-right-large:2.88%;--awb-margin-bottom-large:10px;--awb-spacing-left-large:2.88%;--awb-width-medium:100%;--awb-order-medium:0;--awb-spacing-right-medium:1.92%;--awb-spacing-left-medium:1.92%;--awb-width-small:100%;--awb-order-small:0;--awb-spacing-right-small:1.92%;--awb-spacing-left-small:1.92%;\"><div class=\"fusion-column-wrapper fusion-column-has-shadow fusion-flex-justify-content-flex-start fusion-content-layout-column\"><div class=\"fusion-title title fusion-title-1 fusion-sep-none fusion-title-text fusion-title-size-two\" style=\"--awb-text-color:#ffffff;\"><h2 class=\"title-heading-left sm-text-align-right fusion-responsive-typography-calculated\" style=\"margin:0;--fontSize:34;line-height:1.47;\"><strong>Etudiants inscrits en France<\/strong><\/h2><\/div><ul style=\"--awb-line-height:23.8px;--awb-icon-width:23.8px;--awb-icon-height:23.8px;--awb-icon-margin:9.8px;--awb-content-margin:33.6px;\" class=\"fusion-checklist fusion-checklist-1 fusion-checklist-default fusion-checklist-divider type-icons\"><li class=\"fusion-li-item\" style=\"\"><span class=\"icon-wrapper circle-no\"><i class=\"fusion-li-icon awb-icon-check\" aria-hidden=\"true\"><\/i><\/span><div class=\"fusion-li-item-content\">\n<p style=\"color: #ffffff;\">Recrutement sur dossier<\/p>\n<\/div><\/li><li class=\"fusion-li-item\" style=\"\"><span class=\"icon-wrapper circle-no\"><i class=\"fusion-li-icon awb-icon-check\" aria-hidden=\"true\"><\/i><\/span><div class=\"fusion-li-item-content\"><span style=\"color: #ffffff;\">Profils vis\u00e9s :<\/p>\n<ul>\n<li style=\"list-style-type: none;\">\n<ul>\n<li>inscription en\u00a0premi\u00e8re ann\u00e9e :\u00a0\u00e9tudiants titulaires d&rsquo;une\u00a0LICENCE,\u00a0d&rsquo;un\u00a0BTS,\u00a0d&rsquo;un\u00a0DUT\u00a0ou \u00e9tudiants en\u00a0<a href=\"http:\/\/www.enseignementsup-recherche.gouv.fr\/cid20182\/classes-preparatoires-aux-grandes-ecoles-e.html\">CPGE<\/a><\/li>\n<\/ul>\n<\/li>\n<\/ul>\n<p>Syst\u00e8mes Energ\u00e9tiques (GSE) :\u00a0CPGE\u00a0(PC, PSI, MP, PT),\u00a0BTS\u00a0(Electrotechnique)<\/p>\n<p>Genie de l&rsquo;environment (GE) Mat\u00e9riaux :\u00a0CPGE (PC, PSI, MP, BT),\u00a0BTS\u00a0(Chimie)<\/p>\n<ul>\n<li style=\"list-style-type: none;\">\n<ul>\n<li>inscription en\u00a0deuxi\u00e8me ann\u00e9e :\u00a0\u00e9tudiants titulaires d&rsquo;un\u00a0MASTER 1\u00e8re ann\u00e9e<\/li>\n<\/ul>\n<\/li>\n<\/ul>\n<p><\/span><\/p>\n<\/div><\/li><li class=\"fusion-li-item\" style=\"\"><span class=\"icon-wrapper circle-no\"><i class=\"fusion-li-icon awb-icon-check\" aria-hidden=\"true\"><\/i><\/span><div class=\"fusion-li-item-content\">\n<p style=\"color: #ffffff;\">Pr\u00e9-inscription en ligne sur le site de l\u2019Universit\u00e9 des Antilles \u2013 ouverture \u00e0 partir de MARS 2021<\/p>\n<p>\n<div class=\"fusion-button-wrapper\"><a class=\"fusion-button button-flat fusion-button-default-size button-custom fusion-button-default button-1 fusion-button-span-no fusion-button-default-type\" style=\"--button_accent_color:#E6441F;--button_accent_hover_color:#ffffff;--button_border_hover_color:#ffffff;--button-border-radius-top-left:6px;--button-border-radius-top-right:6px;--button-border-radius-bottom-right:6px;--button-border-radius-bottom-left:6px;--button_gradient_top_color:#ffffff;--button_gradient_bottom_color:#ffffff;--button_gradient_top_color_hover:#464d5f;--button_gradient_bottom_color_hover:#464d5f;\" target=\"_self\" href=\"http:\/\/formation.univ-antilles.fr\/article\/3746\"><span class=\"fusion-button-text\">E-candidature<\/span><\/a><\/div>\n<\/div><\/li><li class=\"fusion-li-item\" style=\"\"><span class=\"icon-wrapper circle-no\"><i class=\"fusion-li-icon awb-icon-check\" aria-hidden=\"true\"><\/i><\/span><div class=\"fusion-li-item-content\">\n<p style=\"color: #ffffff;\">R\u00e9sultats d&rsquo;admission :\u00a0 le jury d&rsquo;admission et les auditions se d\u00e9rouleront la premi\u00e8re quinzaine de juillet<\/p>\n<\/div><\/li><\/ul><\/div><\/div><div class=\"fusion-layout-column fusion_builder_column fusion-builder-column-1 fusion_builder_column_1_3 1_3 fusion-flex-column fusion-no-small-visibility fusion-animated\" style=\"--awb-padding-bottom:447px;--awb-bg-image:url(&#039;http:\/\/departement-ingenieur.univ-antilles.fr\/wp-content\/uploads\/2020\/10\/AdobeStock_259433185-scaled.jpeg&#039;);--awb-bg-position:center center;--awb-bg-size:cover;--awb-width-large:33.333333333333%;--awb-margin-top-large:10px;--awb-spacing-right-large:5.76%;--awb-margin-bottom-large:1px;--awb-spacing-left-large:5.76%;--awb-width-medium:100%;--awb-order-medium:0;--awb-spacing-right-medium:1.92%;--awb-spacing-left-medium:1.92%;--awb-width-small:100%;--awb-order-small:0;--awb-spacing-right-small:1.92%;--awb-spacing-left-small:1.92%;\" data-animationType=\"slideInRight\" data-animationDuration=\"0.3\" data-animationOffset=\"top-into-view\"><div class=\"fusion-column-wrapper fusion-column-has-shadow fusion-flex-justify-content-flex-start fusion-content-layout-column fusion-empty-column-bg-image\" data-bg-url=\"http:\/\/departement-ingenieur.univ-antilles.fr\/wp-content\/uploads\/2020\/10\/AdobeStock_259433185-scaled.jpeg\"><img class=\"fusion-empty-dims-img-placeholder fusion-no-large-visibility\" src=\"data:image\/gif;base64,R0lGODlhAQABAAAAACH5BAEKAAEALAAAAAABAAEAAAICTAEAOw==\"><\/div><\/div><\/div><\/div><div class=\"fusion-fullwidth fullwidth-box fusion-builder-row-2 fusion-flex-container nonhundred-percent-fullwidth non-hundred-percent-height-scrolling\" style=\"--awb-border-radius-top-left:0px;--awb-border-radius-top-right:0px;--awb-border-radius-bottom-right:0px;--awb-border-radius-bottom-left:0px;--awb-padding-bottom:80px;--awb-padding-bottom-small:30px;--awb-background-color:#007DC1;\" ><div class=\"fusion-builder-row fusion-row fusion-flex-align-items-flex-start\" style=\"max-width:1331.2px;margin-left: calc(-4% \/ 2 );margin-right: calc(-4% \/ 2 );\"><div class=\"fusion-layout-column fusion_builder_column fusion-builder-column-2 fusion_builder_column_1_1 1_1 fusion-flex-column\" style=\"--awb-bg-size:cover;--awb-width-large:100%;--awb-margin-top-large:0px;--awb-spacing-right-large:1.92%;--awb-margin-bottom-large:10px;--awb-spacing-left-large:1.92%;--awb-width-medium:100%;--awb-order-medium:0;--awb-spacing-right-medium:1.92%;--awb-spacing-left-medium:1.92%;--awb-width-small:100%;--awb-order-small:0;--awb-spacing-right-small:1.92%;--awb-margin-bottom-small:0;--awb-spacing-left-small:1.92%;\"><div class=\"fusion-column-wrapper fusion-column-has-shadow fusion-flex-justify-content-flex-start fusion-content-layout-column\"><div class=\"fusion-section-separator section-separator slant fusion-section-separator-1\" style=\"--awb-spacer-height:99px;--awb-svg-margin-left:1.92%;--awb-svg-margin-right:1.92%;--awb-svg-margin-left-medium:1.92%;--awb-svg-margin-right-medium:1.92%;--awb-svg-margin-left-small:1.92%;--awb-svg-margin-right-small:1.92%;--awb-divider-height:99px;--awb-spacer-padding-top:inherit;--awb-sep-padding:0;--awb-svg-padding:0;\"><div class=\"fusion-section-separator-svg\"><svg class=\"fusion-slant-candy\" xmlns=\"http:\/\/www.w3.org\/2000\/svg\" version=\"1.1\" width=\"100%\" height=\"100\" viewBox=\"0 0 100 100\" preserveAspectRatio=\"none\" fill=\"rgba(230,68,31,1)\"><path d=\"M100 0 L100 100 L0 0 Z\"><\/path><\/svg><\/div><div class=\"fusion-section-separator-spacer\"><div class=\"fusion-section-separator-spacer-height\"><\/div><\/div><\/div><div class=\"fusion-separator fusion-full-width-sep\" style=\"align-self: center;margin-left: auto;margin-right: auto;margin-top:50px;width:100%;\"><\/div><\/div><\/div><div class=\"fusion-layout-column fusion_builder_column fusion-builder-column-3 fusion_builder_column_1_3 1_3 fusion-flex-column fusion-flex-align-self-center fusion-no-small-visibility fusion-animated\" style=\"--awb-padding-bottom:377px;--awb-bg-image:url(&#039;http:\/\/departement-ingenieur.univ-antilles.fr\/wp-content\/uploads\/2020\/10\/AdobeStock_221651458-scaled.jpeg&#039;);--awb-bg-position:left center;--awb-bg-size:cover;--awb-width-large:33.333333333333%;--awb-margin-top-large:10px;--awb-spacing-right-large:5.76%;--awb-margin-bottom-large:10px;--awb-spacing-left-large:5.76%;--awb-width-medium:100%;--awb-order-medium:0;--awb-spacing-right-medium:1.92%;--awb-spacing-left-medium:1.92%;--awb-width-small:100%;--awb-order-small:0;--awb-spacing-right-small:1.92%;--awb-spacing-left-small:1.92%;\" data-animationType=\"slideInLeft\" data-animationDuration=\"0.3\" data-animationOffset=\"top-into-view\"><div class=\"fusion-column-wrapper fusion-column-has-shadow fusion-flex-justify-content-flex-start fusion-content-layout-column fusion-empty-column-bg-image\" data-bg-url=\"http:\/\/departement-ingenieur.univ-antilles.fr\/wp-content\/uploads\/2020\/10\/AdobeStock_221651458-scaled.jpeg\"><img class=\"fusion-empty-dims-img-placeholder fusion-no-large-visibility\" src=\"data:image\/gif;base64,R0lGODlhAQABAAAAACH5BAEKAAEALAAAAAABAAEAAAICTAEAOw==\"><\/div><\/div><div class=\"fusion-layout-column fusion_builder_column fusion-builder-column-4 fusion_builder_column_2_3 2_3 fusion-flex-column\" style=\"--awb-bg-size:cover;--awb-width-large:66.666666666667%;--awb-margin-top-large:10px;--awb-spacing-right-large:2.88%;--awb-margin-bottom-large:10px;--awb-spacing-left-large:2.88%;--awb-width-medium:100%;--awb-order-medium:0;--awb-spacing-right-medium:1.92%;--awb-spacing-left-medium:1.92%;--awb-width-small:100%;--awb-order-small:0;--awb-spacing-right-small:1.92%;--awb-spacing-left-small:1.92%;\"><div class=\"fusion-column-wrapper fusion-column-has-shadow fusion-flex-justify-content-flex-start fusion-content-layout-column\"><div class=\"fusion-title title fusion-title-2 fusion-sep-none fusion-title-text fusion-title-size-two\" style=\"--awb-text-color:#ffffff;\"><h2 class=\"title-heading-right sm-text-align-left fusion-responsive-typography-calculated\" style=\"margin:0;--fontSize:34;line-height:1.47;\"><strong>Etudiants inscrits \u00e0 l&rsquo;\u00e9tranger<\/strong><\/h2><\/div><ul style=\"--awb-line-height:23.8px;--awb-icon-width:23.8px;--awb-icon-height:23.8px;--awb-icon-margin:9.8px;--awb-content-margin:33.6px;\" class=\"fusion-checklist fusion-checklist-2 fusion-checklist-default fusion-checklist-divider type-icons\"><li class=\"fusion-li-item\" style=\"\"><span class=\"icon-wrapper circle-no\"><i class=\"fusion-li-icon awb-icon-check\" aria-hidden=\"true\"><\/i><\/span><div class=\"fusion-li-item-content\">\n<p style=\"color: #ffffff;\">Recrutement sur dossier<\/p>\n<\/div><\/li><li class=\"fusion-li-item\" style=\"\"><span class=\"icon-wrapper circle-no\"><i class=\"fusion-li-icon awb-icon-check\" aria-hidden=\"true\"><\/i><\/span><div class=\"fusion-li-item-content\"><span style=\"color: #ffffff;\">Profils vis\u00e9s :<\/p>\n<ul>\n<li style=\"list-style-type: none;\">\n<ul>\n<li>inscription en\u00a0premi\u00e8re ann\u00e9e :\u00a0\u00e9tudiants titulaires d&rsquo;un\u00a0BACHELOR (ou \u00e9quivalent),<\/li>\n<li>inscription en\u00a0deuxi\u00e8me ann\u00e9e :\u00a0\u00e9tudiants titulaires d&rsquo;un\u00a0MASTER\u00a0OF SCIENCE (ou \u00e9quivalent)<\/li>\n<\/ul>\n<\/li>\n<\/ul>\n<p><\/span><br \/><\/div><\/li><li class=\"fusion-li-item\" style=\"\"><span class=\"icon-wrapper circle-no\"><i class=\"fusion-li-icon awb-icon-check\" aria-hidden=\"true\"><\/i><\/span><div class=\"fusion-li-item-content\">\n<p style=\"color: #ffffff;\">Pr\u00e9-inscription en ligne sur le site de l\u2019Universit\u00e9 des Antilles \u2013 ouverture \u00e0 partir de MARS 2021<\/p>\n<\/p>\n<div class=\"fusion-button-wrapper\"><a class=\"fusion-button button-flat fusion-button-default-size button-custom fusion-button-default button-2 fusion-button-span-no fusion-button-default-type\" style=\"--button_accent_color:#007DC1;--button_accent_hover_color:#ffffff;--button_border_hover_color:#ffffff;--button-border-radius-top-left:6px;--button-border-radius-top-right:6px;--button-border-radius-bottom-right:6px;--button-border-radius-bottom-left:6px;--button_gradient_top_color:#ffffff;--button_gradient_bottom_color:#ffffff;--button_gradient_top_color_hover:#464d5f;--button_gradient_bottom_color_hover:#464d5f;\" target=\"_self\" href=\"http:\/\/formation.univ-antilles.fr\/article\/3746\"><span class=\"fusion-button-text\">E-candidature<\/span><\/a><\/div>\n<\/div><\/li><li class=\"fusion-li-item\" style=\"\"><span class=\"icon-wrapper circle-no\"><i class=\"fusion-li-icon awb-icon-check\" aria-hidden=\"true\"><\/i><\/span><div class=\"fusion-li-item-content\">\n<p style=\"color: #ffffff;\">Les d\u00e9clarations de candidature doivent \u00eatre effectu\u00e9es sur le site de Campus France<\/p>\n<\/p>\n<div class=\"fusion-button-wrapper\"><a class=\"fusion-button button-flat fusion-button-default-size button-custom fusion-button-default button-3 fusion-button-span-no fusion-button-default-type\" style=\"--button_accent_color:#007DC1;--button_accent_hover_color:#ffffff;--button_border_hover_color:#ffffff;--button-border-radius-top-left:6px;--button-border-radius-top-right:6px;--button-border-radius-bottom-right:6px;--button-border-radius-bottom-left:6px;--button_gradient_top_color:#ffffff;--button_gradient_bottom_color:#ffffff;--button_gradient_top_color_hover:#464d5f;--button_gradient_bottom_color_hover:#464d5f;\" target=\"_self\" href=\"https:\/\/www.campusfrance.org\/fr\"><span class=\"fusion-button-text\">Campus France<\/span><\/a><\/div>\n<\/div><\/li><\/ul><\/div><\/div><\/div><\/div><div class=\"fusion-fullwidth fullwidth-box fusion-builder-row-3 fusion-flex-container nonhundred-percent-fullwidth non-hundred-percent-height-scrolling\" style=\"--awb-border-radius-top-left:0px;--awb-border-radius-top-right:0px;--awb-border-radius-bottom-right:0px;--awb-border-radius-bottom-left:0px;\" ><div class=\"fusion-builder-row fusion-row fusion-flex-align-items-flex-start\" style=\"max-width:1331.2px;margin-left: calc(-4% \/ 2 );margin-right: calc(-4% \/ 2 );\"><div class=\"fusion-layout-column fusion_builder_column fusion-builder-column-5 fusion_builder_column_1_1 1_1 fusion-flex-column\" style=\"--awb-padding-bottom-small:0px;--awb-bg-size:cover;--awb-width-large:100%;--awb-margin-top-large:0px;--awb-spacing-right-large:1.92%;--awb-margin-bottom-large:10px;--awb-spacing-left-large:1.92%;--awb-width-medium:100%;--awb-order-medium:0;--awb-spacing-right-medium:1.92%;--awb-spacing-left-medium:1.92%;--awb-width-small:100%;--awb-order-small:0;--awb-spacing-right-small:1.92%;--awb-margin-bottom-small:0;--awb-spacing-left-small:1.92%;\"><div class=\"fusion-column-wrapper fusion-column-has-shadow fusion-flex-justify-content-flex-start fusion-content-layout-column\"><div class=\"fusion-section-separator section-separator slant fusion-section-separator-2\" style=\"--awb-spacer-height:99px;--awb-svg-margin-left:1.92%;--awb-svg-margin-right:1.92%;--awb-svg-margin-left-medium:1.92%;--awb-svg-margin-right-medium:1.92%;--awb-svg-margin-left-small:1.92%;--awb-svg-margin-right-small:1.92%;--awb-divider-height:99px;--awb-spacer-padding-top:inherit;--awb-sep-padding:0;--awb-svg-padding:0;\"><div class=\"fusion-section-separator-svg\"><svg class=\"fusion-slant-candy\" xmlns=\"http:\/\/www.w3.org\/2000\/svg\" version=\"1.1\" width=\"100%\" height=\"100\" viewBox=\"0 0 100 100\" preserveAspectRatio=\"none\" fill=\"rgba(0,125,193,1)\"><path d=\"M0 100 L0 0 L100 0 Z\"><\/path><\/svg><\/div><div class=\"fusion-section-separator-spacer\"><div class=\"fusion-section-separator-spacer-height\"><\/div><\/div><\/div><\/div><\/div><\/div><\/div><\/p>\n","protected":false},"excerpt":{"rendered":"","protected":false},"author":1,"featured_media":0,"parent":0,"menu_order":0,"comment_status":"closed","ping_status":"closed","template":"100-width.php","meta":[],"yoast_head":"<!-- This site is optimized with the Yoast SEO plugin v21.5 - https:\/\/yoast.com\/wordpress\/plugins\/seo\/ -->\n<title>ESPACE CANDIDAT - D\u00e9partement d&#039;ing\u00e9ni\u00e9rie<\/title>\n<meta name=\"robots\" content=\"index, follow, max-snippet:-1, max-image-preview:large, max-video-preview:-1\" \/>\n<link rel=\"canonical\" href=\"https:\/\/departement-ingenieur.univ-antilles.fr\/index.php\/espace-candidat\/\" \/>\n<meta property=\"og:locale\" content=\"fr_FR\" \/>\n<meta property=\"og:type\" content=\"article\" \/>\n<meta property=\"og:title\" content=\"ESPACE CANDIDAT - D\u00e9partement d&#039;ing\u00e9ni\u00e9rie\" \/>\n<meta property=\"og:url\" content=\"https:\/\/departement-ingenieur.univ-antilles.fr\/index.php\/espace-candidat\/\" \/>\n<meta property=\"og:site_name\" content=\"D\u00e9partement d&#039;ing\u00e9ni\u00e9rie\" \/>\n<meta property=\"article:publisher\" content=\"https:\/\/www.facebook.com\/AEIGguadeloupe\" \/>\n<meta property=\"article:modified_time\" content=\"2020-12-10T18:03:23+00:00\" \/>\n<meta name=\"twitter:card\" content=\"summary_large_image\" \/>\n<meta name=\"twitter:site\" content=\"@AssoEIG\" \/>\n<meta name=\"twitter:label1\" content=\"Dur\u00e9e de lecture estim\u00e9e\" \/>\n\t<meta name=\"twitter:data1\" content=\"13 minutes\" \/>\n<script type=\"application\/ld+json\" class=\"yoast-schema-graph\">{\"@context\":\"https:\/\/schema.org\",\"@graph\":[{\"@type\":\"WebPage\",\"@id\":\"https:\/\/departement-ingenieur.univ-antilles.fr\/index.php\/espace-candidat\/\",\"url\":\"https:\/\/departement-ingenieur.univ-antilles.fr\/index.php\/espace-candidat\/\",\"name\":\"ESPACE CANDIDAT - D\u00e9partement d&#039;ing\u00e9ni\u00e9rie\",\"isPartOf\":{\"@id\":\"https:\/\/departement-ingenieur.univ-antilles.fr\/#website\"},\"datePublished\":\"2020-11-05T15:29:57+00:00\",\"dateModified\":\"2020-12-10T18:03:23+00:00\",\"breadcrumb\":{\"@id\":\"https:\/\/departement-ingenieur.univ-antilles.fr\/index.php\/espace-candidat\/#breadcrumb\"},\"inLanguage\":\"fr-FR\",\"potentialAction\":[{\"@type\":\"ReadAction\",\"target\":[\"https:\/\/departement-ingenieur.univ-antilles.fr\/index.php\/espace-candidat\/\"]}]},{\"@type\":\"BreadcrumbList\",\"@id\":\"https:\/\/departement-ingenieur.univ-antilles.fr\/index.php\/espace-candidat\/#breadcrumb\",\"itemListElement\":[{\"@type\":\"ListItem\",\"position\":1,\"name\":\"Accueil\",\"item\":\"https:\/\/departement-ingenieur.univ-antilles.fr\/\"},{\"@type\":\"ListItem\",\"position\":2,\"name\":\"ESPACE CANDIDAT\"}]},{\"@type\":\"WebSite\",\"@id\":\"https:\/\/departement-ingenieur.univ-antilles.fr\/#website\",\"url\":\"https:\/\/departement-ingenieur.univ-antilles.fr\/\",\"name\":\"D\u00e9partement d&#039;ing\u00e9ni\u00e9rie\",\"description\":\"Universit\u00e9 des Antilles\",\"publisher\":{\"@id\":\"https:\/\/departement-ingenieur.univ-antilles.fr\/#organization\"},\"potentialAction\":[{\"@type\":\"SearchAction\",\"target\":{\"@type\":\"EntryPoint\",\"urlTemplate\":\"https:\/\/departement-ingenieur.univ-antilles.fr\/?s={search_term_string}\"},\"query-input\":\"required name=search_term_string\"}],\"inLanguage\":\"fr-FR\"},{\"@type\":\"Organization\",\"@id\":\"https:\/\/departement-ingenieur.univ-antilles.fr\/#organization\",\"name\":\"D\u00e9partement d&#039;ing\u00e9ni\u00e9rie\",\"url\":\"https:\/\/departement-ingenieur.univ-antilles.fr\/\",\"logo\":{\"@type\":\"ImageObject\",\"inLanguage\":\"fr-FR\",\"@id\":\"https:\/\/departement-ingenieur.univ-antilles.fr\/#\/schema\/logo\/image\/\",\"url\":\"http:\/\/departement-ingenieur.univ-antilles.fr\/wp-content\/uploads\/2020\/10\/logo-DPT-UNIV.png\",\"contentUrl\":\"http:\/\/departement-ingenieur.univ-antilles.fr\/wp-content\/uploads\/2020\/10\/logo-DPT-UNIV.png\",\"width\":3348,\"height\":1376,\"caption\":\"D\u00e9partement d&#039;ing\u00e9ni\u00e9rie\"},\"image\":{\"@id\":\"https:\/\/departement-ingenieur.univ-antilles.fr\/#\/schema\/logo\/image\/\"},\"sameAs\":[\"https:\/\/www.facebook.com\/AEIGguadeloupe\",\"https:\/\/twitter.com\/AssoEIG\",\"https:\/\/www.instagram.com\/asso.eig\/?hl=fr\"]}]}<\/script>\n<!-- \/ Yoast SEO plugin. -->","yoast_head_json":{"title":"ESPACE CANDIDAT - D\u00e9partement d&#039;ing\u00e9ni\u00e9rie","robots":{"index":"index","follow":"follow","max-snippet":"max-snippet:-1","max-image-preview":"max-image-preview:large","max-video-preview":"max-video-preview:-1"},"canonical":"https:\/\/departement-ingenieur.univ-antilles.fr\/index.php\/espace-candidat\/","og_locale":"fr_FR","og_type":"article","og_title":"ESPACE CANDIDAT - D\u00e9partement d&#039;ing\u00e9ni\u00e9rie","og_url":"https:\/\/departement-ingenieur.univ-antilles.fr\/index.php\/espace-candidat\/","og_site_name":"D\u00e9partement d&#039;ing\u00e9ni\u00e9rie","article_publisher":"https:\/\/www.facebook.com\/AEIGguadeloupe","article_modified_time":"2020-12-10T18:03:23+00:00","twitter_card":"summary_large_image","twitter_site":"@AssoEIG","twitter_misc":{"Dur\u00e9e de lecture estim\u00e9e":"13 minutes"},"schema":{"@context":"https:\/\/schema.org","@graph":[{"@type":"WebPage","@id":"https:\/\/departement-ingenieur.univ-antilles.fr\/index.php\/espace-candidat\/","url":"https:\/\/departement-ingenieur.univ-antilles.fr\/index.php\/espace-candidat\/","name":"ESPACE CANDIDAT - D\u00e9partement d&#039;ing\u00e9ni\u00e9rie","isPartOf":{"@id":"https:\/\/departement-ingenieur.univ-antilles.fr\/#website"},"datePublished":"2020-11-05T15:29:57+00:00","dateModified":"2020-12-10T18:03:23+00:00","breadcrumb":{"@id":"https:\/\/departement-ingenieur.univ-antilles.fr\/index.php\/espace-candidat\/#breadcrumb"},"inLanguage":"fr-FR","potentialAction":[{"@type":"ReadAction","target":["https:\/\/departement-ingenieur.univ-antilles.fr\/index.php\/espace-candidat\/"]}]},{"@type":"BreadcrumbList","@id":"https:\/\/departement-ingenieur.univ-antilles.fr\/index.php\/espace-candidat\/#breadcrumb","itemListElement":[{"@type":"ListItem","position":1,"name":"Accueil","item":"https:\/\/departement-ingenieur.univ-antilles.fr\/"},{"@type":"ListItem","position":2,"name":"ESPACE CANDIDAT"}]},{"@type":"WebSite","@id":"https:\/\/departement-ingenieur.univ-antilles.fr\/#website","url":"https:\/\/departement-ingenieur.univ-antilles.fr\/","name":"D\u00e9partement d&#039;ing\u00e9ni\u00e9rie","description":"Universit\u00e9 des Antilles","publisher":{"@id":"https:\/\/departement-ingenieur.univ-antilles.fr\/#organization"},"potentialAction":[{"@type":"SearchAction","target":{"@type":"EntryPoint","urlTemplate":"https:\/\/departement-ingenieur.univ-antilles.fr\/?s={search_term_string}"},"query-input":"required name=search_term_string"}],"inLanguage":"fr-FR"},{"@type":"Organization","@id":"https:\/\/departement-ingenieur.univ-antilles.fr\/#organization","name":"D\u00e9partement d&#039;ing\u00e9ni\u00e9rie","url":"https:\/\/departement-ingenieur.univ-antilles.fr\/","logo":{"@type":"ImageObject","inLanguage":"fr-FR","@id":"https:\/\/departement-ingenieur.univ-antilles.fr\/#\/schema\/logo\/image\/","url":"http:\/\/departement-ingenieur.univ-antilles.fr\/wp-content\/uploads\/2020\/10\/logo-DPT-UNIV.png","contentUrl":"http:\/\/departement-ingenieur.univ-antilles.fr\/wp-content\/uploads\/2020\/10\/logo-DPT-UNIV.png","width":3348,"height":1376,"caption":"D\u00e9partement d&#039;ing\u00e9ni\u00e9rie"},"image":{"@id":"https:\/\/departement-ingenieur.univ-antilles.fr\/#\/schema\/logo\/image\/"},"sameAs":["https:\/\/www.facebook.com\/AEIGguadeloupe","https:\/\/twitter.com\/AssoEIG","https:\/\/www.instagram.com\/asso.eig\/?hl=fr"]}]}},"_links":{"self":[{"href":"https:\/\/departement-ingenieur.univ-antilles.fr\/index.php\/wp-json\/wp\/v2\/pages\/2144"}],"collection":[{"href":"https:\/\/departement-ingenieur.univ-antilles.fr\/index.php\/wp-json\/wp\/v2\/pages"}],"about":[{"href":"https:\/\/departement-ingenieur.univ-antilles.fr\/index.php\/wp-json\/wp\/v2\/types\/page"}],"author":[{"embeddable":true,"href":"https:\/\/departement-ingenieur.univ-antilles.fr\/index.php\/wp-json\/wp\/v2\/users\/1"}],"replies":[{"embeddable":true,"href":"https:\/\/departement-ingenieur.univ-antilles.fr\/index.php\/wp-json\/wp\/v2\/comments?post=2144"}],"version-history":[{"count":11,"href":"https:\/\/departement-ingenieur.univ-antilles.fr\/index.php\/wp-json\/wp\/v2\/pages\/2144\/revisions"}],"predecessor-version":[{"id":2351,"href":"https:\/\/departement-ingenieur.univ-antilles.fr\/index.php\/wp-json\/wp\/v2\/pages\/2144\/revisions\/2351"}],"wp:attachment":[{"href":"https:\/\/departement-ingenieur.univ-antilles.fr\/index.php\/wp-json\/wp\/v2\/media?parent=2144"}],"curies":[{"name":"wp","href":"https:\/\/api.w.org\/{rel}","templated":true}]}}