{"id":2146,"date":"2020-11-05T11:30:45","date_gmt":"2020-11-05T15:30:45","guid":{"rendered":"http:\/\/departement-ingenieur.univ-antilles.fr\/?page_id=2146"},"modified":"2026-04-21T14:35:29","modified_gmt":"2026-04-21T18:35:29","slug":"espace-partenaires","status":"publish","type":"page","link":"https:\/\/departement-ingenieur.univ-antilles.fr\/index.php\/espace-partenaires\/","title":{"rendered":"ESPACE PARTENAIRES"},"content":{"rendered":"<p><div class=\"fusion-fullwidth fullwidth-box fusion-builder-row-1 fusion-flex-container nonhundred-percent-fullwidth non-hundred-percent-height-scrolling\" style=\"--awb-border-radius-top-left:0px;--awb-border-radius-top-right:0px;--awb-border-radius-bottom-right:0px;--awb-border-radius-bottom-left:0px;--awb-padding-top:50px;--awb-padding-bottom:50px;--awb-margin-top:0px;--awb-background-color:#f29400;\" ><div class=\"fusion-builder-row fusion-row fusion-flex-align-items-flex-start\" style=\"max-width:1331.2px;margin-left: calc(-4% \/ 2 );margin-right: calc(-4% \/ 2 );\"><div class=\"fusion-layout-column fusion_builder_column fusion-builder-column-0 fusion_builder_column_1_1 1_1 fusion-flex-column\" style=\"--awb-bg-size:cover;--awb-width-large:100%;--awb-margin-top-large:10px;--awb-spacing-right-large:1.92%;--awb-margin-bottom-large:10px;--awb-spacing-left-large:1.92%;--awb-width-medium:100%;--awb-order-medium:0;--awb-spacing-right-medium:1.92%;--awb-spacing-left-medium:1.92%;--awb-width-small:100%;--awb-order-small:0;--awb-spacing-right-small:1.92%;--awb-spacing-left-small:1.92%;\"><div class=\"fusion-column-wrapper fusion-column-has-shadow fusion-flex-justify-content-flex-start fusion-content-layout-column\"><div class=\"fusion-text fusion-text-1\" style=\"--awb-font-size:20px;--awb-text-color:#ffffff;\"><p style=\"text-align: center;\">R\u00e9pondre aux besoins et attentes des milieux professionnels est une des priorit\u00e9s de la formation de l\u2019Universit\u00e9 des Antilles.<\/p>\n<\/div><\/div><\/div><div class=\"fusion-layout-column fusion_builder_column fusion-builder-column-1 fusion_builder_column_1_1 1_1 fusion-flex-column\" style=\"--awb-bg-size:cover;--awb-width-large:100%;--awb-margin-top-large:10px;--awb-spacing-right-large:1.92%;--awb-margin-bottom-large:10px;--awb-spacing-left-large:1.92%;--awb-width-medium:100%;--awb-order-medium:0;--awb-spacing-right-medium:1.92%;--awb-spacing-left-medium:1.92%;--awb-width-small:100%;--awb-order-small:0;--awb-margin-top-small:50px;--awb-spacing-right-small:1.92%;--awb-spacing-left-small:1.92%;\"><div class=\"fusion-column-wrapper fusion-column-has-shadow fusion-flex-justify-content-flex-start fusion-content-layout-column\"><div class=\"fusion-title title fusion-title-1 fusion-sep-none fusion-title-text fusion-title-size-three\" style=\"--awb-text-color:#ffffff;--awb-margin-top:40px;\"><h3 class=\"title-heading-left fusion-responsive-typography-calculated\" style=\"margin:0;--fontSize:24;line-height:1.4;\"><strong>POURQUOI SOUTENIR LA FORMATION <\/strong><\/h3><\/div><div class=\"fusion-text fusion-text-2\" style=\"--awb-font-size:16px;--awb-text-color:#ffffff;\"><p>Les formations ing\u00e9nieurs sont les seules formations habilit\u00e9es par la Commission des Titres d\u2019Ing\u00e9nieur (CTI) de la zone Cara\u00efbe\/Am\u00e9riques. Elles ont pour objectif de former sur nos territoires des hommes et des femmes aptes \u00e0 relever les d\u00e9fis des transitions \u00e9conomiques, climatiques et \u00e9cologiques qui touchent le monde actuel et qui impactent fortement les territoires insulaires comme les n\u00f4tres. Afin d\u2019aider ces formations \u00e0 atteindre ses objectifs p\u00e9dagogiques\/soci\u00e9tales et leur permettre de rayonner dans la cara\u00efbe nous avons besoin du soutien de tous.<\/p>\n<p>\u00a0<\/p>\n<p>Le soutien \u00e0 nos formations d\u2019ing\u00e9nieur est multiple :<\/p>\n<p>\u00a0<\/p>\n<\/div><ul style=\"--awb-line-height:23.8px;--awb-icon-width:23.8px;--awb-icon-height:23.8px;--awb-icon-margin:9.8px;--awb-content-margin:33.6px;\" class=\"fusion-checklist fusion-checklist-1 fusion-checklist-default type-icons\"><li class=\"fusion-li-item\" style=\"\"><span class=\"icon-wrapper circle-no\"><i class=\"fusion-li-icon fa-arrow-right fas\" aria-hidden=\"true\"><\/i><\/span><div class=\"fusion-li-item-content\"><strong style=\"color: #ffffff; font-size: 16px; line-height: 24px;\" data-fusion-font=\"true\">Soutien financier<\/strong><span style=\"color: #ffffff;\"><span style=\"font-size: 16px; line-height: 24px;\" data-fusion-font=\"true\"> : <\/span><span style=\"line-height: 24px;\" data-fusion-font=\"true\">Ces formations d\u2019excellence font appel \u00e0 des moyens p\u00e9dagogiques lourds qui n\u00e9cessitent un entretien constant et couteux et qu\u2019il nous faut renouveler r\u00e9guli\u00e8rement. Ainsi la taxe d\u2019apprentissage est une ressource essentielle \u00e0 la p\u00e9rennisation de ces formations. Des conventions pluriannuelles peuvent aussi \u00eatre sign\u00e9es entre des partenaires et les formations.<\/span><\/span><\/div><\/li><li class=\"fusion-li-item\" style=\"\"><span class=\"icon-wrapper circle-no\"><i class=\"fusion-li-icon fa-arrow-right fas\" aria-hidden=\"true\"><\/i><\/span><div class=\"fusion-li-item-content\">\n<p><strong style=\"color: rgb(255, 255, 255); font-size: 16px; line-height: 24px;\" data-fusion-font=\"true\">Soutien en temps hommes<\/strong><span style=\"color: rgb(255, 255, 255);\"><span data-fusion-font=\"true\" style=\"font-size: 16px; line-height: 24px;\"> : <\/span><span data-fusion-font=\"true\" style=\"line-height: 24px;\">ces formations \u00e0 fort caract\u00e8re professionnel sont en lien constant avec le monde socio-\u00e9conomique. Il est donc n\u00e9cessaire que des acteurs issus de ce monde prennent pleinement part aux activit\u00e9s p\u00e9dagogiques. Un minima de 400 h est requis par la CTI.<\/span><\/span><\/p>\n<\/div><\/li><li class=\"fusion-li-item\" style=\"\"><span class=\"icon-wrapper circle-no\"><i class=\"fusion-li-icon fa-arrow-right fas\" aria-hidden=\"true\"><\/i><\/span><div class=\"fusion-li-item-content\">\n<p><strong style=\"color: rgb(255, 255, 255); font-size: 16px; letter-spacing: normal; line-height: 24px;\" data-fusion-font=\"true\">Soutien \u00e0 l\u2019obtention de stages et \u00e0 l\u2019embauche<\/strong><span style=\"color: rgb(255, 255, 255);\"><span data-fusion-font=\"true\" style=\"font-size: 16px; letter-spacing: normal; line-height: 24px;\"> : <\/span><span data-fusion-font=\"true\" style=\"letter-spacing: normal; line-height: 24px;\">les \u00e9l\u00e8ves ing\u00e9nieurs ont 3 stages \u00e0 r\u00e9aliser au cours de leur cursus dont un de pr\u00e9f\u00e9rence \u00e0 l\u2019\u00e9tranger (3 \u00e0 4 mois). Les stages sont principalement r\u00e9alis\u00e9s dans des entreprises. C\u2019est un partenariat gagnant\/gagnant entre l\u2019\u00e9l\u00e8ve ing\u00e9nieur et l\u2019entreprise et ce notamment \u00e0 l\u2019issu du stage de fin d\u2019\u00e9tude de 6 mois r\u00e9alis\u00e9 qui peut d\u00e9boucher sur une embauche.<\/span><\/span><\/p>\n<\/div><\/li><li class=\"fusion-li-item\" style=\"\"><span class=\"icon-wrapper circle-no\"><i class=\"fusion-li-icon fa-arrow-right fas\" aria-hidden=\"true\"><\/i><\/span><div class=\"fusion-li-item-content\">\n<p><strong style=\"color: #ffffff;\"><span data-fusion-font=\"true\" style=\"font-size: 16px;\">Accueillir un stagiaire<\/span> <\/strong><\/p>\n<ul>\n<li style=\"list-style-type: none;\">\n<ul>\n<li><a href=\"http:\/\/departement-ingenieur.univ-antilles.fr\/wp-content\/uploads\/2020\/10\/Pie\u0300ce-1-Les-stages.pdf\"><span style=\"color: #ffffff;\"><u>Modalit\u00e9s et contacts ann\u00e9e par ann\u00e9e<\/u> <\/span><\/a><\/li>\n<\/ul>\n<\/li>\n<\/ul>\n<\/div><\/li><li class=\"fusion-li-item\" style=\"\"><span class=\"icon-wrapper circle-no\"><i class=\"fusion-li-icon fa-arrow-right fas\" aria-hidden=\"true\"><\/i><\/span><div class=\"fusion-li-item-content\">\n<p><strong style=\"color: rgb(255, 255, 255); font-size: 16px; line-height: 24px;\" data-fusion-font=\"true\">Parrainage des promotions<\/strong><span style=\"color: rgb(255, 255, 255);\"><span data-fusion-font=\"true\" style=\"font-size: 16px; line-height: 24px;\"> : <\/span><span data-fusion-font=\"true\" style=\"line-height: 24px;\">chaque ann\u00e9e une entreprise est choisie pour parrainer les promotions entrantes. Le r\u00f4le du parrain est d\u2019accompagner ses filleuls durant les trois ann\u00e9es de formation (organisation de rencontres, visites de l\u2019entreprise, participation \u00e0 la c\u00e9r\u00e9monie de parrainage et de remise de dipl\u00f4me).<\/span><\/span><\/p>\n<\/div><\/li><\/ul><\/div><\/div><\/div><\/div><div class=\"fusion-fullwidth fullwidth-box fusion-builder-row-2 fusion-flex-container nonhundred-percent-fullwidth non-hundred-percent-height-scrolling\" style=\"--awb-background-position:left top;--awb-border-sizes-top:0px;--awb-border-sizes-bottom:0px;--awb-border-sizes-left:0px;--awb-border-sizes-right:0px;--awb-border-radius-top-left:0px;--awb-border-radius-top-right:0px;--awb-border-radius-bottom-right:0px;--awb-border-radius-bottom-left:0px;--awb-padding-top:50px;--awb-padding-bottom:45px;--awb-padding-right-small:50px;--awb-padding-left-small:50px;--awb-background-color:#333c4e;\" ><div class=\"fusion-builder-row fusion-row fusion-flex-align-items-flex-start\" style=\"max-width:calc( 1280px + 0px );margin-left: calc(-0px \/ 2 );margin-right: calc(-0px \/ 2 );\"><div class=\"fusion-layout-column fusion_builder_column fusion-builder-column-2 fusion_builder_column_1_1 1_1 fusion-flex-column fusion-flex-align-self-flex-start fusion-column-no-min-height\" style=\"--awb-bg-size:cover;--awb-width-large:100%;--awb-margin-top-large:3%;--awb-spacing-right-large:0px;--awb-margin-bottom-large:3%;--awb-spacing-left-large:0px;--awb-width-medium:100%;--awb-spacing-right-medium:0px;--awb-spacing-left-medium:0px;--awb-width-small:100%;--awb-spacing-right-small:0px;--awb-spacing-left-small:0px;\"><div class=\"fusion-column-wrapper fusion-flex-justify-content-flex-start fusion-content-layout-column\"><div class=\"fusion-title title fusion-title-2 fusion-sep-none fusion-title-center fusion-title-highlight fusion-loop-off fusion-highlight-underline fusion-title-size-two\" style=\"--awb-text-color:#ffffff;--awb-highlight-width:6;--awb-margin-bottom:24px;\" data-highlight=\"underline\"><h2 class=\"title-heading-center fusion-responsive-typography-calculated\" style=\"margin:0;--fontSize:34;line-height:1.47;\"><span class=\"fusion-highlighted-text-prefix\">Pour nous<\/span> <span class=\"fusion-highlighted-text-wrapper\"><span class=\"fusion-highlighted-text\" style=\"color:#f29400;\">SOUTENIR<\/span><\/span> <span class=\"fusion-highlighted-text-postfix\">:<\/span><\/h2><\/div><div class=\"fusion-separator fusion-full-width-sep\" style=\"align-self: center;margin-left: auto;margin-right: auto;margin-top:-25px;width:100%;\"><\/div><div class=\"fusion-separator fusion-full-width-sep\" style=\"align-self: center;margin-left: auto;margin-right: auto;margin-top:15px;width:100%;\"><\/div><div style=\"text-align:center;\"><a class=\"fusion-button button-flat button-large button-default fusion-button-default button-1 fusion-button-span-no fusion-button-default-type\" style=\"--button-border-radius-top-left:6px;--button-border-radius-top-right:6px;--button-border-radius-bottom-right:6px;--button-border-radius-bottom-left:6px;\" target=\"_self\" href=\"http:\/\/departement-ingenieur.univ-antilles.fr\/index.php\/contact\/\"><span class=\"fusion-button-text\">CONTACTEZ-NOUS<\/span><\/a><\/div><\/div><\/div><\/div><\/div><\/p>\n","protected":false},"excerpt":{"rendered":"","protected":false},"author":1,"featured_media":0,"parent":0,"menu_order":0,"comment_status":"closed","ping_status":"closed","template":"100-width.php","meta":[],"yoast_head":"<!-- This site is optimized with the Yoast SEO plugin v21.5 - https:\/\/yoast.com\/wordpress\/plugins\/seo\/ -->\n<title>ESPACE PARTENAIRES - D\u00e9partement d&#039;ing\u00e9ni\u00e9rie<\/title>\n<meta name=\"robots\" content=\"index, follow, max-snippet:-1, max-image-preview:large, max-video-preview:-1\" \/>\n<link rel=\"canonical\" href=\"https:\/\/departement-ingenieur.univ-antilles.fr\/index.php\/espace-partenaires\/\" \/>\n<meta property=\"og:locale\" content=\"fr_FR\" \/>\n<meta property=\"og:type\" content=\"article\" \/>\n<meta property=\"og:title\" content=\"ESPACE PARTENAIRES - D\u00e9partement d&#039;ing\u00e9ni\u00e9rie\" \/>\n<meta property=\"og:url\" content=\"https:\/\/departement-ingenieur.univ-antilles.fr\/index.php\/espace-partenaires\/\" \/>\n<meta property=\"og:site_name\" content=\"D\u00e9partement d&#039;ing\u00e9ni\u00e9rie\" \/>\n<meta property=\"article:publisher\" content=\"https:\/\/www.facebook.com\/AEIGguadeloupe\" \/>\n<meta property=\"article:modified_time\" content=\"2026-04-21T18:35:29+00:00\" \/>\n<meta name=\"twitter:card\" content=\"summary_large_image\" \/>\n<meta name=\"twitter:site\" content=\"@AssoEIG\" \/>\n<meta name=\"twitter:label1\" content=\"Dur\u00e9e de lecture estim\u00e9e\" \/>\n\t<meta name=\"twitter:data1\" content=\"7 minutes\" \/>\n<script type=\"application\/ld+json\" class=\"yoast-schema-graph\">{\"@context\":\"https:\/\/schema.org\",\"@graph\":[{\"@type\":\"WebPage\",\"@id\":\"https:\/\/departement-ingenieur.univ-antilles.fr\/index.php\/espace-partenaires\/\",\"url\":\"https:\/\/departement-ingenieur.univ-antilles.fr\/index.php\/espace-partenaires\/\",\"name\":\"ESPACE PARTENAIRES - D\u00e9partement d&#039;ing\u00e9ni\u00e9rie\",\"isPartOf\":{\"@id\":\"https:\/\/departement-ingenieur.univ-antilles.fr\/#website\"},\"datePublished\":\"2020-11-05T15:30:45+00:00\",\"dateModified\":\"2026-04-21T18:35:29+00:00\",\"breadcrumb\":{\"@id\":\"https:\/\/departement-ingenieur.univ-antilles.fr\/index.php\/espace-partenaires\/#breadcrumb\"},\"inLanguage\":\"fr-FR\",\"potentialAction\":[{\"@type\":\"ReadAction\",\"target\":[\"https:\/\/departement-ingenieur.univ-antilles.fr\/index.php\/espace-partenaires\/\"]}]},{\"@type\":\"BreadcrumbList\",\"@id\":\"https:\/\/departement-ingenieur.univ-antilles.fr\/index.php\/espace-partenaires\/#breadcrumb\",\"itemListElement\":[{\"@type\":\"ListItem\",\"position\":1,\"name\":\"Accueil\",\"item\":\"https:\/\/departement-ingenieur.univ-antilles.fr\/\"},{\"@type\":\"ListItem\",\"position\":2,\"name\":\"ESPACE PARTENAIRES\"}]},{\"@type\":\"WebSite\",\"@id\":\"https:\/\/departement-ingenieur.univ-antilles.fr\/#website\",\"url\":\"https:\/\/departement-ingenieur.univ-antilles.fr\/\",\"name\":\"D\u00e9partement d&#039;ing\u00e9ni\u00e9rie\",\"description\":\"Universit\u00e9 des Antilles\",\"publisher\":{\"@id\":\"https:\/\/departement-ingenieur.univ-antilles.fr\/#organization\"},\"potentialAction\":[{\"@type\":\"SearchAction\",\"target\":{\"@type\":\"EntryPoint\",\"urlTemplate\":\"https:\/\/departement-ingenieur.univ-antilles.fr\/?s={search_term_string}\"},\"query-input\":\"required name=search_term_string\"}],\"inLanguage\":\"fr-FR\"},{\"@type\":\"Organization\",\"@id\":\"https:\/\/departement-ingenieur.univ-antilles.fr\/#organization\",\"name\":\"D\u00e9partement d&#039;ing\u00e9ni\u00e9rie\",\"url\":\"https:\/\/departement-ingenieur.univ-antilles.fr\/\",\"logo\":{\"@type\":\"ImageObject\",\"inLanguage\":\"fr-FR\",\"@id\":\"https:\/\/departement-ingenieur.univ-antilles.fr\/#\/schema\/logo\/image\/\",\"url\":\"http:\/\/departement-ingenieur.univ-antilles.fr\/wp-content\/uploads\/2020\/10\/logo-DPT-UNIV.png\",\"contentUrl\":\"http:\/\/departement-ingenieur.univ-antilles.fr\/wp-content\/uploads\/2020\/10\/logo-DPT-UNIV.png\",\"width\":3348,\"height\":1376,\"caption\":\"D\u00e9partement d&#039;ing\u00e9ni\u00e9rie\"},\"image\":{\"@id\":\"https:\/\/departement-ingenieur.univ-antilles.fr\/#\/schema\/logo\/image\/\"},\"sameAs\":[\"https:\/\/www.facebook.com\/AEIGguadeloupe\",\"https:\/\/twitter.com\/AssoEIG\",\"https:\/\/www.instagram.com\/asso.eig\/?hl=fr\"]}]}<\/script>\n<!-- \/ Yoast SEO plugin. -->","yoast_head_json":{"title":"ESPACE PARTENAIRES - D\u00e9partement d&#039;ing\u00e9ni\u00e9rie","robots":{"index":"index","follow":"follow","max-snippet":"max-snippet:-1","max-image-preview":"max-image-preview:large","max-video-preview":"max-video-preview:-1"},"canonical":"https:\/\/departement-ingenieur.univ-antilles.fr\/index.php\/espace-partenaires\/","og_locale":"fr_FR","og_type":"article","og_title":"ESPACE PARTENAIRES - D\u00e9partement d&#039;ing\u00e9ni\u00e9rie","og_url":"https:\/\/departement-ingenieur.univ-antilles.fr\/index.php\/espace-partenaires\/","og_site_name":"D\u00e9partement d&#039;ing\u00e9ni\u00e9rie","article_publisher":"https:\/\/www.facebook.com\/AEIGguadeloupe","article_modified_time":"2026-04-21T18:35:29+00:00","twitter_card":"summary_large_image","twitter_site":"@AssoEIG","twitter_misc":{"Dur\u00e9e de lecture estim\u00e9e":"7 minutes"},"schema":{"@context":"https:\/\/schema.org","@graph":[{"@type":"WebPage","@id":"https:\/\/departement-ingenieur.univ-antilles.fr\/index.php\/espace-partenaires\/","url":"https:\/\/departement-ingenieur.univ-antilles.fr\/index.php\/espace-partenaires\/","name":"ESPACE PARTENAIRES - D\u00e9partement d&#039;ing\u00e9ni\u00e9rie","isPartOf":{"@id":"https:\/\/departement-ingenieur.univ-antilles.fr\/#website"},"datePublished":"2020-11-05T15:30:45+00:00","dateModified":"2026-04-21T18:35:29+00:00","breadcrumb":{"@id":"https:\/\/departement-ingenieur.univ-antilles.fr\/index.php\/espace-partenaires\/#breadcrumb"},"inLanguage":"fr-FR","potentialAction":[{"@type":"ReadAction","target":["https:\/\/departement-ingenieur.univ-antilles.fr\/index.php\/espace-partenaires\/"]}]},{"@type":"BreadcrumbList","@id":"https:\/\/departement-ingenieur.univ-antilles.fr\/index.php\/espace-partenaires\/#breadcrumb","itemListElement":[{"@type":"ListItem","position":1,"name":"Accueil","item":"https:\/\/departement-ingenieur.univ-antilles.fr\/"},{"@type":"ListItem","position":2,"name":"ESPACE PARTENAIRES"}]},{"@type":"WebSite","@id":"https:\/\/departement-ingenieur.univ-antilles.fr\/#website","url":"https:\/\/departement-ingenieur.univ-antilles.fr\/","name":"D\u00e9partement d&#039;ing\u00e9ni\u00e9rie","description":"Universit\u00e9 des Antilles","publisher":{"@id":"https:\/\/departement-ingenieur.univ-antilles.fr\/#organization"},"potentialAction":[{"@type":"SearchAction","target":{"@type":"EntryPoint","urlTemplate":"https:\/\/departement-ingenieur.univ-antilles.fr\/?s={search_term_string}"},"query-input":"required name=search_term_string"}],"inLanguage":"fr-FR"},{"@type":"Organization","@id":"https:\/\/departement-ingenieur.univ-antilles.fr\/#organization","name":"D\u00e9partement d&#039;ing\u00e9ni\u00e9rie","url":"https:\/\/departement-ingenieur.univ-antilles.fr\/","logo":{"@type":"ImageObject","inLanguage":"fr-FR","@id":"https:\/\/departement-ingenieur.univ-antilles.fr\/#\/schema\/logo\/image\/","url":"http:\/\/departement-ingenieur.univ-antilles.fr\/wp-content\/uploads\/2020\/10\/logo-DPT-UNIV.png","contentUrl":"http:\/\/departement-ingenieur.univ-antilles.fr\/wp-content\/uploads\/2020\/10\/logo-DPT-UNIV.png","width":3348,"height":1376,"caption":"D\u00e9partement d&#039;ing\u00e9ni\u00e9rie"},"image":{"@id":"https:\/\/departement-ingenieur.univ-antilles.fr\/#\/schema\/logo\/image\/"},"sameAs":["https:\/\/www.facebook.com\/AEIGguadeloupe","https:\/\/twitter.com\/AssoEIG","https:\/\/www.instagram.com\/asso.eig\/?hl=fr"]}]}},"_links":{"self":[{"href":"https:\/\/departement-ingenieur.univ-antilles.fr\/index.php\/wp-json\/wp\/v2\/pages\/2146"}],"collection":[{"href":"https:\/\/departement-ingenieur.univ-antilles.fr\/index.php\/wp-json\/wp\/v2\/pages"}],"about":[{"href":"https:\/\/departement-ingenieur.univ-antilles.fr\/index.php\/wp-json\/wp\/v2\/types\/page"}],"author":[{"embeddable":true,"href":"https:\/\/departement-ingenieur.univ-antilles.fr\/index.php\/wp-json\/wp\/v2\/users\/1"}],"replies":[{"embeddable":true,"href":"https:\/\/departement-ingenieur.univ-antilles.fr\/index.php\/wp-json\/wp\/v2\/comments?post=2146"}],"version-history":[{"count":10,"href":"https:\/\/departement-ingenieur.univ-antilles.fr\/index.php\/wp-json\/wp\/v2\/pages\/2146\/revisions"}],"predecessor-version":[{"id":2661,"href":"https:\/\/departement-ingenieur.univ-antilles.fr\/index.php\/wp-json\/wp\/v2\/pages\/2146\/revisions\/2661"}],"wp:attachment":[{"href":"https:\/\/departement-ingenieur.univ-antilles.fr\/index.php\/wp-json\/wp\/v2\/media?parent=2146"}],"curies":[{"name":"wp","href":"https:\/\/api.w.org\/{rel}","templated":true}]}}